{"id":49434,"date":"2022-07-25T11:33:55","date_gmt":"2022-07-25T09:33:55","guid":{"rendered":"https:\/\/perfony-training.com\/datenschutzrichtlinie\/"},"modified":"2022-09-30T14:58:37","modified_gmt":"2022-09-30T12:58:37","slug":"datenschutzrichtlinie","status":"publish","type":"page","link":"http:\/\/perfony-training.com\/de\/datenschutzrichtlinie\/","title":{"rendered":"Datenschutzrichtlinie"},"content":{"rendered":"\n[et_pb_section fb_built=&#8220;1&#8243; theme_builder_area=&#8220;post_content&#8220; _builder_version=&#8220;4.17.6&#8243; _module_preset=&#8220;default&#8220;][et_pb_row _builder_version=&#8220;4.17.6&#8243; _module_preset=&#8220;default&#8220; theme_builder_area=&#8220;post_content&#8220;][et_pb_column _builder_version=&#8220;4.17.6&#8243; _module_preset=&#8220;default&#8220; type=&#8220;4_4&#8243; theme_builder_area=&#8220;post_content&#8220;][et_pb_text _builder_version=&#8220;4.17.6&#8243; _module_preset=&#8220;default&#8220; theme_builder_area=&#8220;post_content&#8220; hover_enabled=&#8220;0&#8243; sticky_enabled=&#8220;0&#8243;]<div>\n<div><img loading=\"lazy\" decoding=\"async\" src=\"https:\/\/www.perfony.com\/wp-content\/uploads\/2021\/07\/logo-perfony-dark-bg-2021-300x300.png\" width=\"150\" height=\"150\" alt=\"\" class=\"wp-image-53611 aligncenter size-medium\"><\/div>\n<h1>1 &#8211; Einleitung<\/h1>\n<p>Diese Datenschutzerkl\u00e4rung betrifft die Praktiken bei der Verarbeitung personenbezogener Daten und die Achtung der Rechte der betroffenen Personen bei der Nutzung von iPerfony-Extranets des Typs  [xxx].iperfony.com, sowie alle Dienstleistungen, Anwendungen oder Plattformen, die von der Firma Perfony.` zur Verf\u00fcgung gestellt werden.<\/p>\n<p>Diese Datenschutzerkl\u00e4rung unterliegt den Bestimmungen der RGPD (General Regulations for the Protection of Data) und dem franz\u00f6sischen Datenschutzgesetz (Loi Informatique et Libert\u00e9s).<\/p>\n<p>Die Website von Perfony kann Links zu anderen Websites enthalten. Perfony kann in keinem Fall f\u00fcr die Informationspraktiken oder den Inhalt dieser anderen Websites verantwortlich gemacht werden. The Perfony Company ermutigt Sie, die Datenschutzerkl\u00e4rungen anderer Websites zu \u00fcberpr\u00fcfen, um deren Informationspraktiken zu verstehen.<\/p>\n<\/div>\n<div>\n<h1>2 &#8211; Sicherheit, Speicherung und Aufbewahrung von personenbezogenen Daten<\/h1>\n<p>Personenbezogene und andere Daten werden in unseren Datenbanken gespeichert. Perfony Corporation verwendet einige der fortschrittlichsten Internet-Sicherheitstechnologien, die heute verf\u00fcgbar sind. Wenn Sie auf Ihr iPerfony-Extranet zugreifen, werden alle Verbindungen mit der Transport Layer Security (TLS)-Technologie, dem derzeit sichersten Standard, hergestellt.<\/p>\n<p>Ihre Informationen werden durch Server-Authentifizierung und Datenverschl\u00fcsselung (2048-Bit-Schl\u00fcssel) gesch\u00fctzt. Alle Daten werden zwischen Ihrem Computer und unserem Server verschl\u00fcsselt.<\/p>\n<p>Ihre Daten sind somit sicher und nur f\u00fcr registrierte Benutzer in Ihrem Unternehmen verf\u00fcgbar.<\/p>\n<p>Um jedes Kundenunternehmen von Perfony zu isolieren, ist jedes iPerfony-Extranet isoliert und hat seinen eigenen Domainnamen und seine eigene Datenbank. Dies verhindert jeglichen Datenaustausch zwischen verschiedenen iPerfony-Extranets und erh\u00f6ht das Sicherheitsniveau.<\/p>\n<p>Perfony stellt jedem Benutzer in Ihrem Unternehmen ein eigenes Passwort und einen eigenen Benutzernamen zur Verf\u00fcgung, die er jedes Mal eingeben muss, wenn er sich anmeldet.<\/p>\n<p>Dar\u00fcber hinaus wird Perfony in einer sicheren Serverumgebung gehostet, die eine Firewall und andere fortschrittliche Technologien verwendet, um St\u00f6rungen zu vermeiden oder den Zugriff von Eindringlingen zu verhindern.<\/p>\n<p>&nbsp;<\/p>\n<p>Perfony bewahrt personenbezogene Daten nicht l\u00e4nger auf, als es f\u00fcr die Erreichung des Verarbeitungszwecks erforderlich ist, wobei die gesetzlichen und beh\u00f6rdlichen Grenzen eingehalten werden.<\/p>\n<p>Wenn Sie Kunde von Perfony sind, werden Ihre Daten w\u00e4hrend der Dauer des Vertrages und 3 Jahre nach dessen Abschluss aufbewahrt, es sei denn, es bestehen besondere gesetzliche Bestimmungen.<\/p>\n<\/div>\n<div>\n<h1>3 &#8211; Gesammelte Daten<\/h1>\n<p>Andererseits werden wir im Rahmen der Nutzung eines dem Kunden gewidmeten Extranets im Falle einer Informationsanfrage oder der Einrichtung eines Kontos wahrscheinlich alle oder einen Teil der folgenden Daten erfassen:<\/p>\n<ul>\n<li>Vor- und Nachname<\/li>\n<li>E-Mail Adresse<\/li>\n<li>Telefonnummer<\/li>\n<li>Name der Firma<\/li>\n<li>Postanschrift<\/li>\n<li>Fachliche Informationen : (Position, Funktion, T\u00e4tigkeitsbereich)<\/li>\n<li>Fotos, die an Avatare angeh\u00e4ngt sind<\/li>\n<li>Verbindungsdaten: ID, IP-Adresse<\/li>\n<\/ul>\n<p>Dar\u00fcber hinaus befragen wir im Rahmen unserer st\u00e4ndigen Suche nach Verbesserungen und unserer Positionierung als Beobachtungsstelle f\u00fcr die Qualit\u00e4t von Meetings und Aktionspl\u00e4nen regelm\u00e4\u00dfig unsere Nutzer und Kontakte.<\/p>\n<\/div>\n<div>\n<h1>4 &#8211; Verwendung der gesammelten Daten<\/h1>\n<p>Das Perfony-Konto wird Ihnen von einer Organisation zur Verf\u00fcgung gestellt, der Sie angeh\u00f6ren. Diese Organisation kann :<\/p>\n<ul>\n<li>Ihr Konto kontrollieren und verwalten.<\/li>\n<li>Zugriff auf Ihre Daten und deren Verarbeitung, einschlie\u00dflich der Inhalte Ihrer Daten, Kommunikationen und Dateien, die mit Ihrem Konto verkn\u00fcpft sind.<\/li>\n<\/ul>\n<p>Wenn Sie den Zugang zu Ihrem Konto verlieren (z. B. bei einer \u00c4nderung Ihrer T\u00e4tigkeit), k\u00f6nnen Sie nicht mehr auf die in Perfony gespeicherten Daten zugreifen.<\/p>\n<p>Da Ihnen der Zugang zu Perfony von Ihrer Organisation gew\u00e4hrt wird, unterliegt Ihre Nutzung von Perfony den Richtlinien Ihrer Organisation. Sie sollten Ihre Anfragen zum Datenschutz, einschlie\u00dflich Anfragen zur Aus\u00fcbung Ihrer Datenschutzrechte, an den Administrator Ihrer Organisation richten. Perfony ist nicht verantwortlich f\u00fcr die Datenschutz- oder Sicherheitsrichtlinien oder -praktiken seiner Kunden, die von den in dieser Datenschutzerkl\u00e4rung festgelegten abweichen k\u00f6nnen.<\/p>\n<p>Perfony verarbeitet Ihre personenbezogenen Daten, um Ihnen und Ihrer Organisation das Produkt zur Verf\u00fcgung zu stellen, und in einigen F\u00e4llen f\u00fcr Perfonys legitime Gesch\u00e4ftst\u00e4tigkeiten im Zusammenhang mit der Bereitstellung des Produkts.<\/p>\n<p>Perfony wird die Informationen \u00fcber Ihre Navigation zum Zweck des Betriebs und der Verbesserung der Anwendung verwenden.<\/p>\n<\/div>\n<div>\n<h1>5 &#8211; Cookies und IP-Adressen<\/h1>\n<p>Perfony verwendet Cookies, um Ihre Interaktionen mit der Anwendung zu erleichtern und sie relevant zu machen. Wenn Sie die Webanwendung nutzen, senden die Server von Perfony ein Cookie an Ihren Computer. Perfony verwendet in seiner Webanwendung zwei Cookies:<\/p>\n<ul>\n<li>Ein Sitzungscookie, mit dem Ihre Sitzung aktiv gehalten wird, solange Sie die Anwendung nutzen.<\/li>\n<li>Ein Analytics-Cookie (an den Server analytics.perfony.com), das zu Analysezwecken und zur Verbesserung der Anwendung verwendet wird.<\/li>\n<\/ul>\n<p>Wenn Sie Ihr Perfony-Extranet besuchen, sammeln wir Ihre IP-Adresse, um nicht-personenbezogene Informationen zu verfolgen und zusammenzufassen. Perfony verwendet zum Beispiel IP-Adressen, um die Regionen zu \u00fcberwachen, von denen aus die Nutzer durch die Anwendung navigieren.<\/p>\n<\/div>\n<div>\n<h1>6 &#8211; Weitergabe von personenbezogenen Daten<\/h1>\n<p>In strikter \u00dcbereinstimmung mit den Grunds\u00e4tzen des Artikels 2 dieser Erkl\u00e4rung (Sicherheit) und sofern nicht ausdr\u00fccklich in dieser Datenschutzerkl\u00e4rung erw\u00e4hnt, wird Perfony in keinem Fall Informationen, die von Drittfirmen f\u00fcr deren Werbezwecke zur Verf\u00fcgung gestellt werden, weitergeben, verkaufen, vermieten oder vermarkten.<\/p>\n<p>Dar\u00fcber hinaus k\u00f6nnen Sie jederzeit Ihre Zustimmung zur Nutzung und Weitergabe Ihrer personenbezogenen Daten f\u00fcr bestimmte Zwecke widerrufen. Sie k\u00f6nnen auch jederzeit gegen diese Verwendung Ihrer Informationen Einspruch erheben, indem Sie an folgende Adresse schreiben: 91 rue du Faubourg Saint Honor\u00e9 75008 Paris (oder uns eine E-Mail schicken: rgpd@perfony.com).<\/p>\n<p>Perfony beh\u00e4lt sich das Recht vor, die zur Verf\u00fcgung gestellten Informationen zu verwenden oder offenzulegen, wenn dies gesetzlich vorgeschrieben ist oder wenn das Unternehmen vern\u00fcnftigerweise der Meinung ist, dass eine solche Verwendung oder Offenlegung notwendig ist, um seine Rechte zu sch\u00fctzen und\/oder einem Gerichtsverfahren oder einem Gerichtsbeschluss nachzukommen.<\/p>\n<\/div>\n<div>\n<h1>7 &#8211; Zugang zu pers\u00f6nlichen Daten<\/h1>\n<p>Unsere Kunden k\u00f6nnen ihre Abonnementinformationen aktualisieren oder \u00e4ndern, indem sie ihre Benutzer- oder Firmenregistrierung bearbeiten. Um ein Benutzerprofil oder die Informationen Ihres Unternehmens zu aktualisieren, verbinden Sie sich mit Ihrem Passwort und Ihrem Perfony-Benutzernamen mit Ihrem Extranet und klicken Sie auf &#8222;Einstellungen&#8220;. Um Ihre pers\u00f6nlichen Daten in unserem Besitz einzusehen, haben Sie die M\u00f6glichkeit, uns zu kontaktieren:<\/p>\n<p>Postanschrift: Perfony SAS &#8211; 91 rue du Faubourg Saint Honor\u00e9 &#8211; 75008 Paris &#8211; Frankreich.<\/p>\n<p>E-Mail: rgpd@perfony.com<\/p>\n<p>Telefonisch: +33 1 55 43 76 95<\/p>\n<p>Sie k\u00f6nnen uns auffordern, alle personenbezogenen Daten, die wir \u00fcber Sie gespeichert haben, zu l\u00f6schen. Bitte beachten Sie jedoch, dass wir Ihre Daten zu Archivierungszwecken aufbewahren k\u00f6nnen (insbesondere wenn wir gesetzlich dazu verpflichtet sind).<\/p>\n<\/div>\n<div>\n<h1>8 &#8211; Datenschutzbeauftragter (Data Protection Officer, DPO) und \u00c4nderung der Datenschutzerkl\u00e4rung<\/h1>\n<p>Perfony beh\u00e4lt sich das Recht vor, diese Datenschutzbestimmungen zu \u00e4ndern. Perfony wird Sie \u00fcber wesentliche \u00c4nderungen an dieser Datenschutzerkl\u00e4rung \u00fcber die Websites des Unternehmens mindestens drei\u00dfig (30) Werktage vor Inkrafttreten solcher \u00c4nderungen informieren.<\/p>\n<p>Perfony hat einen Datenschutzbeauftragten (Data Protection Officer, DPO) ernannt, dessen Aufgabe es ist, die Einhaltung der DPMR durch Perfony sicherzustellen.<\/p>\n<p>Sie profitiert von organisatorischen Ma\u00dfnahmen und Ressourcen, die es ihr erm\u00f6glichen, ihre Mission zu steuern.<\/p>\n<p>Der DSB ist f\u00fcr alle Fragen zu dieser Datenschutzerkl\u00e4rung oder den Informationspraktiken der Websites des Unternehmens unter rgpd@perfony.com oder per Post unter<\/p>\n<p>Perfony SAS &#8211; 91 rue du Faubourg Saint Honor\u00e9 &#8211; 75008 Paris &#8211; Frankreich<\/p>\n<p>Telefonisch: +33 1 55 43 76 95.<\/p>\n<\/div>[\/et_pb_text][\/et_pb_column][\/et_pb_row][\/et_pb_section]\n","protected":false},"excerpt":{"rendered":"<p>1 &#8211; Einleitung Diese Datenschutzerkl\u00e4rung betrifft die Praktiken bei der Verarbeitung personenbezogener Daten und die Achtung der Rechte der betroffenen Personen bei der Nutzung von iPerfony-Extranets des Typs [xxx].iperfony.com, sowie alle Dienstleistungen, Anwendungen oder Plattformen, die von der Firma Perfony.` zur Verf\u00fcgung gestellt werden. Diese Datenschutzerkl\u00e4rung unterliegt den Bestimmungen der RGPD (General Regulations for the [&hellip;]<\/p>\n","protected":false},"author":1,"featured_media":0,"parent":0,"menu_order":0,"comment_status":"closed","ping_status":"closed","template":"","meta":{"_et_pb_use_builder":"on","_et_pb_old_content":"","_et_gb_content_width":"","footnotes":""},"class_list":["post-49434","page","type-page","status-publish","hentry"],"_links":{"self":[{"href":"http:\/\/perfony-training.com\/de\/wp-json\/wp\/v2\/pages\/49434","targetHints":{"allow":["GET"]}}],"collection":[{"href":"http:\/\/perfony-training.com\/de\/wp-json\/wp\/v2\/pages"}],"about":[{"href":"http:\/\/perfony-training.com\/de\/wp-json\/wp\/v2\/types\/page"}],"author":[{"embeddable":true,"href":"http:\/\/perfony-training.com\/de\/wp-json\/wp\/v2\/users\/1"}],"replies":[{"embeddable":true,"href":"http:\/\/perfony-training.com\/de\/wp-json\/wp\/v2\/comments?post=49434"}],"version-history":[{"count":1,"href":"http:\/\/perfony-training.com\/de\/wp-json\/wp\/v2\/pages\/49434\/revisions"}],"predecessor-version":[{"id":49435,"href":"http:\/\/perfony-training.com\/de\/wp-json\/wp\/v2\/pages\/49434\/revisions\/49435"}],"wp:attachment":[{"href":"http:\/\/perfony-training.com\/de\/wp-json\/wp\/v2\/media?parent=49434"}],"curies":[{"name":"wp","href":"https:\/\/api.w.org\/{rel}","templated":true}]}}