{"id":49438,"date":"2022-07-25T11:33:55","date_gmt":"2022-07-25T09:33:55","guid":{"rendered":"https:\/\/perfony-training.com\/politica-de-privacidade\/"},"modified":"2022-09-30T14:58:37","modified_gmt":"2022-09-30T12:58:37","slug":"politica-de-privacidade","status":"publish","type":"page","link":"http:\/\/perfony-training.com\/pt-br\/politica-de-privacidade\/","title":{"rendered":"Pol\u00edtica de Privacidade"},"content":{"rendered":"\n[et_pb_section fb_built=&#8221;1&#8243; theme_builder_area=&#8221;post_content&#8221; _builder_version=&#8221;4.17.6&#8243; _module_preset=&#8221;default&#8221;][et_pb_row _builder_version=&#8221;4.17.6&#8243; _module_preset=&#8221;default&#8221; theme_builder_area=&#8221;post_content&#8221;][et_pb_column _builder_version=&#8221;4.17.6&#8243; _module_preset=&#8221;default&#8221; type=&#8221;4_4&#8243; theme_builder_area=&#8221;post_content&#8221;][et_pb_text _builder_version=&#8221;4.17.6&#8243; _module_preset=&#8221;default&#8221; theme_builder_area=&#8221;post_content&#8221; hover_enabled=&#8221;0&#8243; sticky_enabled=&#8221;0&#8243;]<div>\n<div><img loading=\"lazy\" decoding=\"async\" src=\"https:\/\/www.perfony.com\/wp-content\/uploads\/2021\/07\/logo-perfony-dark-bg-2021-300x300.png\" width=\"150\" height=\"150\" alt=\"\" class=\"wp-image-53611 aligncenter size-medium\"><\/div>\n<h1>1 &#8211; Introdu\u00e7\u00e3o<\/h1>\n<p>Esta Declara\u00e7\u00e3o de Privacidade abrange as pr\u00e1ticas de processamento de dados pessoais e o respeito pelos direitos das pessoas em causa quando utilizam extranets iPerfony, tais como  [xxx].iperfony.com, bem como todos os servi\u00e7os, aplica\u00e7\u00f5es ou plataformas fornecidos pela empresa Perfony.`<\/p>\n<p>Esta declara\u00e7\u00e3o de privacidade \u00e9 regida pelo RGPD (Regulamento Geral de Prote\u00e7\u00e3o de Dados) e pela Lei Francesa de Prote\u00e7\u00e3o de Dados.<\/p>\n<p>O site da Perfony pode conter links para outros sites. A Perfony n\u00e3o \u00e9 respons\u00e1vel pelas pr\u00e1ticas de informa\u00e7\u00e3o ou pelo conte\u00fado de tais outros websites. A Perfony Company incentiva voc\u00ea a rever as declara\u00e7\u00f5es de privacidade de outros websites para entender suas pr\u00e1ticas de informa\u00e7\u00e3o.<\/p>\n<\/div>\n<div>\n<h1>2 &#8211; Seguran\u00e7a, armazenamento e reten\u00e7\u00e3o de dados pessoais<\/h1>\n<p>Os dados pessoais e outros dados s\u00e3o armazenados em nossos bancos de dados. A Perfony usa algumas das mais avan\u00e7adas tecnologias atuais de seguran\u00e7a na Internet. Ao acessar sua extranet iPerfony, todas as conex\u00f5es s\u00e3o feitas usando a tecnologia Transport Layer Security (TLS), o padr\u00e3o mais seguro atualmente.<\/p>\n<p>Suas informa\u00e7\u00f5es s\u00e3o protegidas por autentica\u00e7\u00e3o de servidor e criptografia de dados (chave 2048 Bits). Todos os dados s\u00e3o criptografados entre seu computador e nosso servidor.<\/p>\n<p>Seus dados est\u00e3o seguros e dispon\u00edveis apenas para usu\u00e1rios registrados em sua empresa.<\/p>\n<p>A fim de isolar cada empresa cliente Perfony, cada extranet iPerfony \u00e9 isolada e tem seu pr\u00f3prio nome de dom\u00ednio e banco de dados. Isto impede qualquer troca de dados entre diferentes extranets iPerfony e aumenta o n\u00edvel de seguran\u00e7a.<\/p>\n<p>Perfony fornece a cada utilizador da sua empresa uma palavra-passe e um nome de utilizador \u00fanicos que devem introduzir cada vez que entram na sua empresa.<\/p>\n<p>Al\u00e9m disso, o Perfony \u00e9 hospedado em um ambiente de servidor seguro que utiliza um firewall e outras tecnologias avan\u00e7adas para evitar interfer\u00eancias ou impedir o acesso de intrusos a ele.<\/p>\n<p>&nbsp;<\/p>\n<p>A perfonia n\u00e3o mant\u00e9m dados pessoais al\u00e9m do per\u00edodo necess\u00e1rio para atingir o objetivo do processamento, respeitando os limites legais e regulamentares.<\/p>\n<p>Se voc\u00ea \u00e9 um cliente Perfony, seus dados s\u00e3o mantidos durante a vig\u00eancia do contrato, e por 3 anos ap\u00f3s o t\u00e9rmino do contrato, exceto por disposi\u00e7\u00f5es legais espec\u00edficas.<\/p>\n<\/div>\n<div>\n<h1>3 &#8211; Dados coletados<\/h1>\n<p>Por outro lado, no contexto do uso de uma extranet dedicada ao cliente, no caso de um pedido de informa\u00e7\u00f5es ou a cria\u00e7\u00e3o de uma conta, \u00e9 prov\u00e1vel que coletemos a totalidade ou parte dos seguintes dados:<\/p>\n<ul>\n<li>Nome e apelido<\/li>\n<li>Endere\u00e7o de e-mail<\/li>\n<li>N\u00famero de telefone<\/li>\n<li>Nome da empresa<\/li>\n<li>Endere\u00e7o para correspond\u00eancia<\/li>\n<li>Informa\u00e7\u00f5es profissionais : (posi\u00e7\u00e3o, fun\u00e7\u00e3o, setor de atividade)<\/li>\n<li>Fotos que est\u00e3o anexadas aos avatares<\/li>\n<li>Dados de liga\u00e7\u00e3o: ID, endere\u00e7o IP<\/li>\n<\/ul>\n<p>Al\u00e9m disso, como parte de nossa constante busca por melhorias e posicionamento como observat\u00f3rio da qualidade das reuni\u00f5es e planos de a\u00e7\u00e3o, solicitamos regularmente nossos usu\u00e1rios e contatos atrav\u00e9s de pesquisas.<\/p>\n<\/div>\n<div>\n<h1>4 &#8211; Utiliza\u00e7\u00e3o dos dados coletados<\/h1>\n<p>A conta Perfony \u00e9 fornecida por uma organiza\u00e7\u00e3o \u00e0 qual se encontra ligado. Esta organiza\u00e7\u00e3o pode :<\/p>\n<ul>\n<li>Controle e administre a sua conta.<\/li>\n<li>Aceder e processar os seus dados, incluindo o conte\u00fado dos seus dados, comunica\u00e7\u00f5es e ficheiros associados \u00e0 sua conta.<\/li>\n<\/ul>\n<p>Se perder o acesso \u00e0 sua conta (se mudar de actividade, por exemplo), n\u00e3o poder\u00e1 aceder aos dados armazenados em Perfony.<\/p>\n<p>Como o acesso ao Perfony \u00e9 concedido pela sua organiza\u00e7\u00e3o, a sua utiliza\u00e7\u00e3o do Perfony est\u00e1 sujeita \u00e0s pol\u00edticas da sua organiza\u00e7\u00e3o. Deve dirigir pedidos relacionados com a privacidade, incluindo pedidos para exercer os seus direitos de protec\u00e7\u00e3o de dados, ao administrador da sua organiza\u00e7\u00e3o. A Perfony n\u00e3o \u00e9 respons\u00e1vel pelas pol\u00edticas ou pr\u00e1ticas de privacidade ou seguran\u00e7a dos seus clientes, as quais podem diferir das declaradas nesta declara\u00e7\u00e3o de privacidade.<\/p>\n<p>Perfony processa os seus dados pessoais para disponibilizar o produto a si e \u00e0 sua organiza\u00e7\u00e3o e, em alguns casos, para as opera\u00e7\u00f5es comerciais leg\u00edtimas da Perfony relacionadas com o fornecimento do produto.<\/p>\n<p>A Perfony utilizar\u00e1 a informa\u00e7\u00e3o sobre a sua navega\u00e7\u00e3o com o objectivo de operar e melhorar a aplica\u00e7\u00e3o.<\/p>\n<\/div>\n<div>\n<h1>5 &#8211; Cookies e endere\u00e7os IP<\/h1>\n<p>A Perfony utiliza cookies para facilitar as suas interac\u00e7\u00f5es com a aplica\u00e7\u00e3o e para a tornar relevante. Quando utiliza a aplica\u00e7\u00e3o web, os servidores da Perfony enviam um cookie para o seu computador. A Perfony utiliza dois cookies na sua aplica\u00e7\u00e3o web:<\/p>\n<ul>\n<li>Um cookie de sess\u00e3o para manter a sua sess\u00e3o activa enquanto utiliza a aplica\u00e7\u00e3o.<\/li>\n<li>Um cookie anal\u00edtico (para o servidor analytics.perfony.com) utilizado para a an\u00e1lise e melhoria da aplica\u00e7\u00e3o.<\/li>\n<\/ul>\n<p>Quando visita a sua extranet Perfony, recolhemos o seu endere\u00e7o IP para localizar e resumir informa\u00e7\u00e3o n\u00e3o-pessoal. Por exemplo, a Perfony utiliza endere\u00e7os IP para monitorizar as regi\u00f5es a partir das quais os utilizadores navegam na aplica\u00e7\u00e3o.<\/p>\n<\/div>\n<div>\n<h1>6 &#8211; Compartilhamento de dados pessoais<\/h1>\n<p>Em estrita conformidade com o b\u00e1sico da Se\u00e7\u00e3o 2 desta declara\u00e7\u00e3o (Seguran\u00e7a), e exceto conforme explicitamente declarado nesta Declara\u00e7\u00e3o de Privacidade, a Perfony n\u00e3o compartilhar\u00e1, vender\u00e1, alugar\u00e1 ou comercializar\u00e1 informa\u00e7\u00f5es fornecidas por empresas terceirizadas para seus prop\u00f3sitos promocionais.<\/p>\n<p>Al\u00e9m disso, voc\u00ea pode sempre retirar seu consentimento para que possamos usar e divulgar seus dados pessoais para determinados fins. Pode tamb\u00e9m opor-se a qualquer momento a esta utiliza\u00e7\u00e3o de informa\u00e7\u00f5es sobre si, escrevendo para o seguinte endere\u00e7o: 91 rue du Faubourg Saint Honor\u00e9 75008 Paris (ou enviando-nos um e-mail: rgpd@perfony.com).<\/p>\n<p>A Perfony se reserva o direito de usar ou divulgar as informa\u00e7\u00f5es fornecidas se exigido por lei ou se a Empresa acreditar razoavelmente que o uso ou divulga\u00e7\u00e3o \u00e9 necess\u00e1rio para proteger seus direitos e\/ou cumprir com um processo legal ou ordem judicial.<\/p>\n<\/div>\n<div>\n<h1>7 &#8211; Acesso aos dados pessoais<\/h1>\n<p>Nossos clientes podem atualizar ou alterar suas informa\u00e7\u00f5es de assinatura editando seu registro de usu\u00e1rio ou empresa. Para atualizar um perfil de usu\u00e1rio ou informa\u00e7\u00f5es de sua empresa, acesse sua extranet com sua senha e nome de usu\u00e1rio Perfony e clique em &#8220;Prefer\u00eancias&#8221;. Para consultar os dados pessoais que est\u00e3o em nosso poder, voc\u00ea tem a possibilidade de entrar em contato conosco:<\/p>\n<p>Correio Postal: Perfony SAS &#8211; 91 rue du Faubourg Saint Honor\u00e9 &#8211; 75008 Paris &#8211; Fran\u00e7a.<\/p>\n<p>E-mail: rgpd@perfony.com<\/p>\n<p>Por telefone: +33 1 55 43 76 95<\/p>\n<p>Voc\u00ea pode nos pedir para apagar quaisquer dados pessoais que tenhamos sobre voc\u00ea. Entretanto, observe que podemos manter um registro de seus dados para fins de arquivamento (particularmente quando exigido por lei).<\/p>\n<\/div>\n<div>\n<h1>8 &#8211; Respons\u00e1vel pela protec\u00e7\u00e3o de dados (RPD) e altera\u00e7\u00e3o da declara\u00e7\u00e3o de privacidade<\/h1>\n<p>A Perfony se reserva o direito de alterar esta Declara\u00e7\u00e3o de Privacidade. A Perfony notificar\u00e1 voc\u00ea sobre mudan\u00e7as materiais nesta Declara\u00e7\u00e3o de Privacidade atrav\u00e9s dos websites da Empresa pelo menos trinta (30) dias \u00fateis antes de tais mudan\u00e7as entrarem em vigor.<\/p>\n<p>A Perfony nomeou um encarregado da prote\u00e7\u00e3o de dados (DPO) cuja fun\u00e7\u00e3o \u00e9 garantir a conformidade da Perfony com o RGPD<\/p>\n<p>Ela se beneficia de medidas organizacionais e meios que lhe permitem gerenciar sua miss\u00e3o.<\/p>\n<p>O RPD pode ser contactado para quaisquer quest\u00f5es relativas \u00e0 presente Declara\u00e7\u00e3o de Privacidade ou \u00e0s pr\u00e1ticas de informa\u00e7\u00e3o dos s\u00edtios Web da Empresa, clicando em rgpd@perfony.com ou enviando uma carta para<\/p>\n<p>Perfony SAS &#8211; 91 rue du Faubourg Saint Honor\u00e9 &#8211; 75008 Paris &#8211; Fran\u00e7a<\/p>\n<p>Por telefone: +33 1 55 43 76 95.<\/p>\n<\/div>[\/et_pb_text][\/et_pb_column][\/et_pb_row][\/et_pb_section]\n","protected":false},"excerpt":{"rendered":"<p>1 &#8211; Introdu\u00e7\u00e3o Esta Declara\u00e7\u00e3o de Privacidade abrange as pr\u00e1ticas de processamento de dados pessoais e o respeito pelos direitos das pessoas em causa quando utilizam extranets iPerfony, tais como [xxx].iperfony.com, bem como todos os servi\u00e7os, aplica\u00e7\u00f5es ou plataformas fornecidos pela empresa Perfony.` Esta declara\u00e7\u00e3o de privacidade \u00e9 regida pelo RGPD (Regulamento Geral de Prote\u00e7\u00e3o [&hellip;]<\/p>\n","protected":false},"author":1,"featured_media":0,"parent":0,"menu_order":0,"comment_status":"closed","ping_status":"closed","template":"","meta":{"_et_pb_use_builder":"on","_et_pb_old_content":"","_et_gb_content_width":"","footnotes":""},"class_list":["post-49438","page","type-page","status-publish","hentry"],"_links":{"self":[{"href":"http:\/\/perfony-training.com\/pt-br\/wp-json\/wp\/v2\/pages\/49438","targetHints":{"allow":["GET"]}}],"collection":[{"href":"http:\/\/perfony-training.com\/pt-br\/wp-json\/wp\/v2\/pages"}],"about":[{"href":"http:\/\/perfony-training.com\/pt-br\/wp-json\/wp\/v2\/types\/page"}],"author":[{"embeddable":true,"href":"http:\/\/perfony-training.com\/pt-br\/wp-json\/wp\/v2\/users\/1"}],"replies":[{"embeddable":true,"href":"http:\/\/perfony-training.com\/pt-br\/wp-json\/wp\/v2\/comments?post=49438"}],"version-history":[{"count":1,"href":"http:\/\/perfony-training.com\/pt-br\/wp-json\/wp\/v2\/pages\/49438\/revisions"}],"predecessor-version":[{"id":49439,"href":"http:\/\/perfony-training.com\/pt-br\/wp-json\/wp\/v2\/pages\/49438\/revisions\/49439"}],"wp:attachment":[{"href":"http:\/\/perfony-training.com\/pt-br\/wp-json\/wp\/v2\/media?parent=49438"}],"curies":[{"name":"wp","href":"https:\/\/api.w.org\/{rel}","templated":true}]}}