{"id":49456,"date":"2022-07-25T11:33:52","date_gmt":"2022-07-25T09:33:52","guid":{"rendered":"https:\/\/perfony-training.com\/rechtlicher-hinweis\/"},"modified":"2022-09-30T14:58:51","modified_gmt":"2022-09-30T12:58:51","slug":"rechtlicher-hinweis","status":"publish","type":"page","link":"https:\/\/perfony-training.com\/de\/rechtlicher-hinweis\/","title":{"rendered":"Rechtlicher Hinweis"},"content":{"rendered":"\n[et_pb_section fb_built=&#8220;1&#8243; theme_builder_area=&#8220;post_content&#8220; _builder_version=&#8220;4.17.6&#8243; _module_preset=&#8220;default&#8220;][et_pb_row _builder_version=&#8220;4.17.6&#8243; _module_preset=&#8220;default&#8220; theme_builder_area=&#8220;post_content&#8220;][et_pb_column _builder_version=&#8220;4.17.6&#8243; _module_preset=&#8220;default&#8220; type=&#8220;4_4&#8243; theme_builder_area=&#8220;post_content&#8220;][et_pb_text _builder_version=&#8220;4.17.6&#8243; _module_preset=&#8220;default&#8220; theme_builder_area=&#8220;post_content&#8220; hover_enabled=&#8220;0&#8243; sticky_enabled=&#8220;0&#8243;]<h1>Rechtlicher Hinweis<\/h1>\n<hr>\n<h2>1 &#8211; Pr\u00e4sentation der Seite<\/h2>\n<p>Gem\u00e4\u00df Artikel 6 des Gesetzes Nr. 2004-575 vom 21. Juni 2004 \u00fcber das Vertrauen in die digitale Wirtschaft wird den Nutzern der Website www.perfony-training.com die Identit\u00e4t der verschiedenen Akteure im Rahmen der Erstellung und Betreuung der Website mitgeteilt:<\/p>\n<p><strong>Eigent\u00fcmer<\/strong>: Perfony SAS, eine vereinfachte Aktiengesellschaft, die im Pariser Handelsregister unter der Nummer 533 868 873 eingetragen ist und ihren Sitz in 91 rue du Faubourg Saint Honor\u00e9 in Paris 8<sup>\u00e8me<\/sup> hat.<\/p>\n<ul>\n<li><strong>Ersteller<\/strong> : Perfony SAS<\/li>\n<li><strong>Verantwortlich f\u00fcr die Ver\u00f6ffentlichung<\/strong> : Herr Lionel PASCO<\/li>\n<li><strong>Hostess<\/strong> : Infomaniak, Rue Eug\u00e8ne-Marziano 25, 1227 Genf, Schweiz<\/li>\n<\/ul>\n<p>Credits :<\/p>\n<ul>\n<li>Vorlage Divi<\/li>\n<li>die rechtlichen Hinweise wurden von Subdelirium erstellt und angeboten<\/li>\n<li>die FlatIcon, Icon8-Symbole<\/li>\n<li>die Fotos: Fotolia, Pexels und Pixabay<\/li>\n<li>Bilder: P-PX, Freepik<\/li>\n<\/ul>\n<h2>2 &#8211; Allgemeine Bedingungen f\u00fcr die Nutzung der Website und der angebotenen Dienste<\/h2>\n<p>Die Nutzung der Website www.perfony-training.com setzt die vollst\u00e4ndige und uneingeschr\u00e4nkte Annahme der nachstehend beschriebenen allgemeinen Nutzungsbedingungen voraus. Diese Nutzungsbedingungen k\u00f6nnen jederzeit ge\u00e4ndert oder erg\u00e4nzt werden. Den Nutzern von www.perfony-training.com wird daher empfohlen, sie regelm\u00e4\u00dfig zu konsultieren.<\/p>\n<p>Diese Seite ist f\u00fcr Benutzer normalerweise jederzeit zug\u00e4nglich. Eine Unterbrechung f\u00fcr technische Wartungsarbeiten kann jedoch von Perfony SAS beschlossen werden. Perfony SAS wird sich dann bem\u00fchen, die Benutzer im Voraus \u00fcber die Daten und Zeiten des Eingriffs zu informieren.<\/p>\n<p>Die Website www.perfony-training.com wird regelm\u00e4\u00dfig von PerfonySAS aktualisiert. In gleicher Weise k\u00f6nnen die rechtlichen Hinweise jederzeit ge\u00e4ndert werden: sie sind dennoch f\u00fcr den Benutzer verbindlich, der aufgefordert wird, sie so oft wie m\u00f6glich zu konsultieren, um sie zu lesen.<\/p>\n<h2>3 &#8211; Beschreibung der angebotenen Dienste<\/h2>\n<p>Die Website www.perfony-training.com soll Informationen \u00fcber alle Aktivit\u00e4ten der Firma Perfony SAS liefern.<\/p>\n<p>Perfony SAS bem\u00fcht sich, auf der Website www.perfony-training.com m\u00f6glichst genaue Informationen zur Verf\u00fcgung zu stellen. Sie kann jedoch nicht f\u00fcr Auslassungen, Ungenauigkeiten und Unzul\u00e4nglichkeiten in der Aktualisierung verantwortlich gemacht werden, unabh\u00e4ngig davon, ob diese von ihr selbst oder von den Drittpartnern verursacht wurden, die sie mit diesen Informationen versorgen.<\/p>\n<p>Alle auf der Website www.perfony-training.com angegebenen Informationen sind unverbindlich und k\u00f6nnen sich \u00e4ndern. Dar\u00fcber hinaus sind die Informationen auf der Website www.perfony-training.com nicht ersch\u00f6pfend. Sie werden unter dem Vorbehalt von \u00c4nderungen gegeben, die seit der Onlinestellung vorgenommen wurden.<\/p>\n<h2>4 &#8211; Vertragliche Beschr\u00e4nkungen f\u00fcr technische Daten<\/h2>\n<p>Die Website verwendet JavaScript, HTML5, CSS3 und PHP-Technologie.<\/p>\n<p>Die Website kann nicht f\u00fcr materielle Sch\u00e4den im Zusammenhang mit der Nutzung der Website verantwortlich gemacht werden. Dar\u00fcber hinaus verpflichtet sich der Nutzer der Website, auf die Website mit aktuellen, virenfreien Ger\u00e4ten und einem aktuellen Browser der neuesten Generation zuzugreifen.<\/p>\n<h2>5 &#8211; Geistiges Eigentum und F\u00e4lschungen<\/h2>\n<p>Perfony SAS ist Inhaber der geistigen Eigentumsrechte oder besitzt die Nutzungsrechte an allen auf der Website zug\u00e4nglichen Elementen, insbesondere an den Texten, Bildern, Grafiken, Logos, Icons, Sounds, Software.<\/p>\n<p>Jegliche Reproduktion, Darstellung, \u00c4nderung, Ver\u00f6ffentlichung, Anpassung aller oder eines Teils der Elemente der Website, unabh\u00e4ngig von den verwendeten Mitteln oder Verfahren, ist ohne vorherige schriftliche Genehmigung von Perfony SAS verboten.<\/p>\n<p>Jede unerlaubte Nutzung der Website oder eines der darin enthaltenen Elemente wird als Versto\u00df betrachtet und gem\u00e4\u00df den Bestimmungen der Artikel L.335-2 und folgende des Gesetzes \u00fcber geistiges Eigentum verfolgt.<\/p>\n<h2>6 &#8211; Haftungsbeschr\u00e4nkungen<\/h2>\n<p>Perfony SAS kann nicht f\u00fcr direkte und indirekte Sch\u00e4den an der Hardware des Nutzers beim Zugriff auf die Website www.perfony-training.com haftbar gemacht werden, die entweder aus der Verwendung einer Hardware resultieren, die nicht den in Punkt 4 angegebenen Spezifikationen entspricht, oder aus dem Auftreten eines Bugs oder einer Inkompatibilit\u00e4t.<\/p>\n<p>Perfony SAS haftet auch nicht f\u00fcr indirekte Sch\u00e4den (wie z. B. Marktverlust oder Verlust einer Chance), die sich aus der Nutzung der Website www.perfony-training.com ergeben.<\/p>\n<p>Interaktive Bereiche (z.B. die M\u00f6glichkeit, im Kontaktbereich Fragen zu stellen) stehen den Benutzern zur Verf\u00fcgung. Perfony SAS beh\u00e4lt sich das Recht vor, ohne Vorank\u00fcndigung alle in diesem Bereich ver\u00f6ffentlichten Inhalte zu l\u00f6schen, die gegen die in Frankreich geltende Gesetzgebung, insbesondere gegen die Bestimmungen zum Datenschutz, versto\u00dfen. Gegebenenfalls beh\u00e4lt sich Perfony SAS auch das Recht vor, die zivil- und\/oder strafrechtliche Haftung des Benutzers anzufechten, insbesondere im Falle einer Nachricht mit rassistischem, beleidigendem, diffamierendem oder pornografischem Charakter, unabh\u00e4ngig vom verwendeten Medium (Text, Foto, etc.).<\/p>\n<h2>7 &#8211; Verwaltung von personenbezogenen Daten<\/h2>\n<p>In Frankreich werden personenbezogene Daten insbesondere durch das Gesetz Nr. 78-87 vom 6. Januar 1978, das Gesetz Nr. 2004-801 vom 6. August 2004, den Artikel L. 226-13 des Strafgesetzbuches und die europ\u00e4ische Richtlinie vom 24. Oktober 1995 gesch\u00fctzt.<\/p>\n<p>Bei der Nutzung der Website www.perfony-training.com k\u00f6nnen folgende Daten erfasst werden: die URL der Links, \u00fcber die der Nutzer auf die Website www.perfony-training.com gelangt ist, der Zugangsanbieter des Nutzers, die Internetprotokoll-Adresse (IP-Adresse) des Nutzers.<\/p>\n<p>In jedem Fall sammelt Perfony SAS pers\u00f6nliche Informationen \u00fcber den Nutzer nur f\u00fcr die Zwecke bestimmter Dienstleistungen, die auf der Website www.perfony-training.com angeboten werden. Der Anwender stellt diese Informationen in voller Kenntnis der Sachlage zur Verf\u00fcgung, insbesondere wenn er sie selbst eingibt. Dem Nutzer der Website www.perfony-training.com wird dann mitgeteilt, ob er zur Bereitstellung dieser Informationen verpflichtet ist oder nicht.<\/p>\n<p>Gem\u00e4\u00df den Bestimmungen der Artikel 38 und folgende des Gesetzes 78-17 vom 6. Januar 1978 in Bezug auf Datenverarbeitung, Dateien und Freiheiten, hat jeder Benutzer das Recht auf Zugang, Berichtigung und Einspruch gegen die ihn betreffenden pers\u00f6nlichen Daten, indem er einen schriftlichen und unterzeichneten Antrag stellt, dem eine Kopie des Ausweises mit der Unterschrift des Inhabers beigef\u00fcgt ist, wobei die Adresse angegeben wird, an die die Antwort geschickt werden soll.<\/p>\n<p>Keine pers\u00f6nlichen Informationen des Nutzers der Website www.perfony-training.com werden ohne Wissen des Nutzers ver\u00f6ffentlicht, ausgetauscht, \u00fcbertragen, abgetreten oder auf einem beliebigen Datentr\u00e4ger an Dritte verkauft. Nur wenn Perfony SAS und ihre Rechte \u00fcbernommen werden, k\u00f6nnen die Informationen an einen eventuellen Erwerber weitergegeben werden, der seinerseits die gleichen Verpflichtungen zur Aufbewahrung und \u00c4nderung der Daten gegen\u00fcber den Nutzern der Website www.perfony-training.com hat.<\/p>\n<p>Die oben genannte Website ist bei der CNIL unter der Nummer 1574801 gemeldet.<\/p>\n<p>Die Datenbanken sind durch die Bestimmungen des Gesetzes vom 1. Juli 1998 zur Umsetzung der Richtlinie 96\/9 vom 11. M\u00e4rz 1996 \u00fcber den rechtlichen Schutz von Datenbanken gesch\u00fctzt.<\/p>\n<h2>8 &#8211; Hypertext-Links und Cookies<\/h2>\n<p>Die Website www.perfony-training.com enth\u00e4lt eine Reihe von Hyperlinks zu anderen Websites, die mit der Genehmigung von Perfony SAS eingerichtet wurden. Perfony SAS ist jedoch nicht in der Lage, den Inhalt der auf diese Weise besuchten Seiten zu \u00fcberpr\u00fcfen und \u00fcbernimmt daher keine Verantwortung f\u00fcr diese Tatsache.<\/p>\n<p>Das Surfen auf der Website www.perfony-training.com kann dazu f\u00fchren, dass auf dem Computer des Nutzers ein Cookie(s) installiert wird. Ein Cookie ist eine kleine Datei, die keine Identifizierung des Benutzers zul\u00e4sst, aber Informationen \u00fcber die Navigation eines Computers auf einer Website aufzeichnet. Die auf diese Weise gewonnenen Daten sollen die sp\u00e4tere Navigation auf der Website erleichtern und auch verschiedene Messungen des Datenverkehrs erm\u00f6glichen.<\/p>\n<p>Die Verweigerung der Installation eines Cookies kann dazu f\u00fchren, dass der Zugriff auf bestimmte Dienste nicht m\u00f6glich ist. Der Benutzer kann seinen Computer jedoch wie folgt konfigurieren, um die Installation von Cookies zu verweigern:<\/p>\n<h3>Unter Internet Explorer :<\/h3>\n<p>Registerkarte Werkzeug (Zahnradpiktogramm oben rechts) \/ Internetoptionen. Klicken Sie auf Datenschutz und w\u00e4hlen Sie Alle Cookies blockieren. Best\u00e4tigen Sie mit Ok.<\/p>\n<p>Unter Firefox: Klicken Sie oben im Browserfenster auf die Firefox-Schaltfl\u00e4che und gehen Sie dann auf die Registerkarte Optionen. Klicken Sie auf die Registerkarte Datenschutz. Setzen Sie die Aufbewahrungsregeln auf: Benutzerdefinierte Einstellungen f\u00fcr den Verlauf verwenden. Deaktivieren Sie schlie\u00dflich das H\u00e4kchen, um Cookies zu deaktivieren.<\/p>\n<h3>Auf Safari:<\/h3>\n<p>Klicken Sie auf das Men\u00fcsymbol (symbolisiert durch ein Zahnrad) oben rechts im Browser. W\u00e4hlen Sie Einstellungen. Klicken Sie auf Erweiterte Einstellungen anzeigen. Klicken Sie im Bereich &#8222;Datenschutz&#8220; auf Inhaltseinstellungen. Im Bereich &#8222;Cookies&#8220; k\u00f6nnen Sie Cookies blockieren.<br><span>Unter Chrom: <\/span><\/p>\n<p>Klicken Sie auf das Men\u00fc-Symbol (symbolisiert durch drei horizontale Linien) in der oberen rechten Ecke des Browsers. W\u00e4hlen Sie Einstellungen. Klicken Sie auf Erweiterte Einstellungen anzeigen. Klicken Sie im Bereich &#8222;Datenschutz&#8220; auf Einstellungen. Auf der Registerkarte &#8222;Datenschutz&#8220; k\u00f6nnen Sie Cookies blockieren.<\/p>\n<h2>9 &#8211; Anwendbares Recht und Gerichtsstand<\/h2>\n<p>Alle Streitigkeiten im Zusammenhang mit der Nutzung der Website www.perfony-training.com unterliegen dem franz\u00f6sischen Recht. Die ausschlie\u00dfliche Zust\u00e4ndigkeit liegt bei den zust\u00e4ndigen Gerichten in Paris.<\/p>\n<h2>10 &#8211; Die wichtigsten Texte<\/h2>\n<p>Gesetz Nr. 78-87 vom 6. Januar 1978, insbesondere ge\u00e4ndert durch das Gesetz Nr. 2004-801 vom 6. August 2004 \u00fcber die Datenverarbeitung, Dateien und Freiheiten.<\/p>\n<p>Gesetz Nr. 2004-575 vom 21. Juni 2004 zum Vertrauen in die digitale Wirtschaft.<\/p>\n<h2>11 &#8211; Lexikon<\/h2>\n<p>Benutzer: Internet-Benutzer, der eine Verbindung herstellt und die oben genannte Website verwendet.<\/p>\n<p>Pers\u00f6nliche Daten: &#8222;Informationen, die in irgendeiner Form, direkt oder indirekt, die Identifizierung der nat\u00fcrlichen Personen erm\u00f6glichen, auf die sie sich beziehen&#8220; (Artikel 4 des Gesetzes Nr. 78-17 vom 6. Januar 1978).<\/p>[\/et_pb_text][\/et_pb_column][\/et_pb_row][\/et_pb_section]\n","protected":false},"excerpt":{"rendered":"<p>Rechtlicher Hinweis 1 &#8211; Pr\u00e4sentation der Seite Gem\u00e4\u00df Artikel 6 des Gesetzes Nr. 2004-575 vom 21. Juni 2004 \u00fcber das Vertrauen in die digitale Wirtschaft wird den Nutzern der Website www.perfony-training.com die Identit\u00e4t der verschiedenen Akteure im Rahmen der Erstellung und Betreuung der Website mitgeteilt: Eigent\u00fcmer: Perfony SAS, eine vereinfachte Aktiengesellschaft, die im Pariser Handelsregister [&hellip;]<\/p>\n","protected":false},"author":1,"featured_media":0,"parent":0,"menu_order":0,"comment_status":"closed","ping_status":"closed","template":"","meta":{"_et_pb_use_builder":"on","_et_pb_old_content":"","_et_gb_content_width":"","footnotes":""},"class_list":["post-49456","page","type-page","status-publish","hentry"],"_links":{"self":[{"href":"https:\/\/perfony-training.com\/de\/wp-json\/wp\/v2\/pages\/49456","targetHints":{"allow":["GET"]}}],"collection":[{"href":"https:\/\/perfony-training.com\/de\/wp-json\/wp\/v2\/pages"}],"about":[{"href":"https:\/\/perfony-training.com\/de\/wp-json\/wp\/v2\/types\/page"}],"author":[{"embeddable":true,"href":"https:\/\/perfony-training.com\/de\/wp-json\/wp\/v2\/users\/1"}],"replies":[{"embeddable":true,"href":"https:\/\/perfony-training.com\/de\/wp-json\/wp\/v2\/comments?post=49456"}],"version-history":[{"count":1,"href":"https:\/\/perfony-training.com\/de\/wp-json\/wp\/v2\/pages\/49456\/revisions"}],"predecessor-version":[{"id":49457,"href":"https:\/\/perfony-training.com\/de\/wp-json\/wp\/v2\/pages\/49456\/revisions\/49457"}],"wp:attachment":[{"href":"https:\/\/perfony-training.com\/de\/wp-json\/wp\/v2\/media?parent=49456"}],"curies":[{"name":"wp","href":"https:\/\/api.w.org\/{rel}","templated":true}]}}