{"id":50634,"date":"2017-02-16T09:17:12","date_gmt":"2017-02-16T08:17:12","guid":{"rendered":"https:\/\/perfony-training.com\/kontakt\/"},"modified":"2022-12-06T09:34:52","modified_gmt":"2022-12-06T08:34:52","slug":"kontakt","status":"publish","type":"page","link":"https:\/\/perfony-training.com\/de\/kontakt\/","title":{"rendered":"KONTAKT"},"content":{"rendered":"<p>[et_pb_section fb_built=&#8220;1&#8243; admin_label=&#8220;Contact hero&#8220; _builder_version=&#8220;4.17.6&#8243; use_background_color_gradient=&#8220;on&#8220; background_color_gradient_stops=&#8220;#165d94 0%|#4a9dd3 100%&#8220; background_color_gradient_start=&#8220;#474ab6&#8243; background_color_gradient_end=&#8220;#9271f6&#8243; background_image=&#8220;https:\/\/perfony-training.com\/wp-content\/uploads\/2022\/07\/coding-background-texture.jpg&#8220; background_blend=&#8220;overlay&#8220; custom_padding=&#8220;100px|0px|60px|0px&#8220; animation_style=&#8220;slide&#8220; animation_direction=&#8220;top&#8220; animation_intensity_slide=&#8220;2%&#8220; box_shadow_style=&#8220;preset7&#8243; box_shadow_horizontal=&#8220;0px&#8220; box_shadow_vertical=&#8220;-260px&#8220; box_shadow_color=&#8220;#ffffff&#8220; locked=&#8220;off&#8220; global_colors_info=&#8220;{}&#8220;][et_pb_row _builder_version=&#8220;4.16&#8243; custom_margin=&#8220;|||&#8220; custom_padding=&#8220;27px|0px|100px|0px&#8220; custom_width_px=&#8220;1280px&#8220; global_colors_info=&#8220;{}&#8220;][et_pb_column type=&#8220;4_4&#8243; _builder_version=&#8220;4.16&#8243; custom_padding=&#8220;|||&#8220; global_colors_info=&#8220;{}&#8220; custom_padding__hover=&#8220;|||&#8220;][et_pb_text _builder_version=&#8220;4.17.6&#8243; header_font=&#8220;|on|||&#8220; header_font_size=&#8220;42px&#8220; header_line_height=&#8220;1.3em&#8220; text_orientation=&#8220;center&#8220; background_layout=&#8220;dark&#8220; max_width=&#8220;530px&#8220; module_alignment=&#8220;center&#8220; custom_padding=&#8220;|||&#8220; header_font_size_tablet=&#8220;&#8220; header_font_size_phone=&#8220;&#8220; header_font_size_last_edited=&#8220;on|desktop&#8220; locked=&#8220;off&#8220; global_colors_info=&#8220;{}&#8220;]<\/p>\n<h1>Kontakt<\/h1>\n<p>[\/et_pb_text][\/et_pb_column][\/et_pb_row][et_pb_row column_structure=&#8220;2_3,1_3&#8243; use_custom_gutter=&#8220;on&#8220; gutter_width=&#8220;1&#8243; make_equal=&#8220;on&#8220; admin_label=&#8220;Kontakt Info&#8220; _builder_version=&#8220;4.17.6&#8243; background_color=&#8220;#ffffff&#8220; custom_padding=&#8220;0px|0px|0px|0px&#8220; animation_style=&#8220;zoom&#8220; animation_intensity_zoom=&#8220;10%&#8220; animation_starting_opacity=&#8220;100%&#8220; box_shadow_style=&#8220;preset1&#8243; box_shadow_vertical=&#8220;10px&#8220; box_shadow_blur=&#8220;60px&#8220; box_shadow_color=&#8220;rgba(71,74,182,0.12)&#8220; global_colors_info=&#8220;{}&#8220;][et_pb_column type=&#8220;2_3&#8243; _builder_version=&#8220;4.16&#8243; custom_padding=&#8220;60px|40px|60px|40px&#8220; global_colors_info=&#8220;{}&#8220; custom_padding__hover=&#8220;|||&#8220;][et_pb_text _builder_version=&#8220;4.17.6&#8243; header_font=&#8220;|on|||&#8220; header_text_color=&#8220;#4A9DD3&#8243; header_font_size=&#8220;36px&#8220; header_line_height=&#8220;1.3em&#8220; custom_margin=&#8220;||40px|&#8220; animation_style=&#8220;slide&#8220; animation_direction=&#8220;bottom&#8220; animation_intensity_slide=&#8220;10%&#8220; locked=&#8220;off&#8220; global_colors_info=&#8220;{}&#8220;]<\/p>\n<h1>Senden Sie uns eine Nachricht<\/h1>\n<p>[\/et_pb_text][et_pb_contact_form email=&#8220;contact@perfony.com&#8220; custom_message=&#8220;&#8211; Nachricht vom Kontaktformular Perfony-training.com %%nom%% von %%nom%% %%pr\u00e9nom%%: %%Email%%: %%T\u00e9l\u00e9phone%% %%message%%&#8220; success_message=&#8220;Ihre Nachricht wurde ber\u00fccksichtigt&#8220; submit_button_text=&#8220;Senden&#8220; module_id=&#8220;et_pb_contact_form_0&#8243; _builder_version=&#8220;4.19.1&#8243; form_field_background_color=&#8220;#FFFFFF&#8220; form_field_text_color=&#8220;#4A9DD3&#8243; title_font_size=&#8220;26px&#8220; captcha_text_color=&#8220;#000000&#8243; form_field_font_size=&#8220;16px&#8220; custom_button=&#8220;on&#8220; button_text_size=&#8220;20px&#8220; button_text_color=&#8220;#ffffff&#8220; button_bg_color=&#8220;#4A9DD3&#8243; button_border_width=&#8220;0px&#8220; button_border_color=&#8220;#4A9DD3&#8243; button_border_radius=&#8220;100px&#8220; button_letter_spacing=&#8220;1px&#8220; button_font=&#8220;|on||on|&#8220; button_use_icon=&#8220;off&#8220; button_custom_margin=&#8220;55px|80px||0px|false|false&#8220; hover_enabled=&#8220;0&#8243; border_width_all=&#8220;1px&#8220; border_color_all=&#8220;rgba(71,74,182,0.12)&#8220; border_style_all=&#8220;solid&#8220; box_shadow_style_button=&#8220;preset1&#8243; box_shadow_vertical_button=&#8220;0px&#8220; box_shadow_blur_button=&#8220;20px&#8220; box_shadow_color_button=&#8220;rgba(74,157,211,0.55)&#8220; use_border_color=&#8220;on&#8220; border_color=&#8220;rgba(71,74,182,0.12)&#8220; form_background_color=&#8220;rgba(0,0,0,0)&#8220; global_colors_info=&#8220;{}&#8220; button_text_color__hover_enabled=&#8220;on|hover&#8220; button_text_color__hover=&#8220;#4A9DD3&#8243; button_bg_color__hover_enabled=&#8220;on|desktop&#8220; button_bg_color__hover=&#8220;#FFFFFF&#8220; button_bg_enable_color__hover=&#8220;on&#8220; sticky_enabled=&#8220;0&#8243;][et_pb_contact_field field_id=&#8220;Nom&#8220; field_title=&#8220;Nom&#8220; _builder_version=&#8220;4.17.6&#8243; border_radii=&#8220;on|10px|10px|10px|10px&#8220; border_color_all=&#8220;#4A9DD3&#8243; global_colors_info=&#8220;{}&#8220; button_text_size__hover_enabled=&#8220;off&#8220; button_one_text_size__hover_enabled=&#8220;off&#8220; button_two_text_size__hover_enabled=&#8220;off&#8220; button_text_color__hover_enabled=&#8220;off&#8220; button_one_text_color__hover_enabled=&#8220;off&#8220; button_two_text_color__hover_enabled=&#8220;off&#8220; button_border_width__hover_enabled=&#8220;off&#8220; button_one_border_width__hover_enabled=&#8220;off&#8220; button_two_border_width__hover_enabled=&#8220;off&#8220; button_border_color__hover_enabled=&#8220;off&#8220; button_one_border_color__hover_enabled=&#8220;off&#8220; button_two_border_color__hover_enabled=&#8220;off&#8220; button_border_radius__hover_enabled=&#8220;off&#8220; button_one_border_radius__hover_enabled=&#8220;off&#8220; button_two_border_radius__hover_enabled=&#8220;off&#8220; button_letter_spacing__hover_enabled=&#8220;off&#8220; button_one_letter_spacing__hover_enabled=&#8220;off&#8220; button_two_letter_spacing__hover_enabled=&#8220;off&#8220; button_bg_color__hover_enabled=&#8220;off&#8220; button_one_bg_color__hover_enabled=&#8220;off&#8220; button_two_bg_color__hover_enabled=&#8220;off&#8220;][\/et_pb_contact_field][et_pb_contact_field field_id=&#8220;Pr\u00e9nom&#8220; field_title=&#8220;Vornamen&#8220; _builder_version=&#8220;4.17.6&#8243; border_radii=&#8220;on|10px|10px|10px|10px&#8220; border_color_all=&#8220;#4A9DD3&#8243; global_colors_info=&#8220;{}&#8220; button_text_size__hover_enabled=&#8220;off&#8220; button_one_text_size__hover_enabled=&#8220;off&#8220; button_two_text_size__hover_enabled=&#8220;off&#8220; button_text_color__hover_enabled=&#8220;off&#8220; button_one_text_color__hover_enabled=&#8220;off&#8220; button_two_text_color__hover_enabled=&#8220;off&#8220; button_border_width__hover_enabled=&#8220;off&#8220; button_one_border_width__hover_enabled=&#8220;off&#8220; button_two_border_width__hover_enabled=&#8220;off&#8220; button_border_color__hover_enabled=&#8220;off&#8220; button_one_border_color__hover_enabled=&#8220;off&#8220; button_two_border_color__hover_enabled=&#8220;off&#8220; button_border_radius__hover_enabled=&#8220;off&#8220; button_one_border_radius__hover_enabled=&#8220;off&#8220; button_two_border_radius__hover_enabled=&#8220;off&#8220; button_letter_spacing__hover_enabled=&#8220;off&#8220; button_one_letter_spacing__hover_enabled=&#8220;off&#8220; button_two_letter_spacing__hover_enabled=&#8220;off&#8220; button_bg_color__hover_enabled=&#8220;off&#8220; button_one_bg_color__hover_enabled=&#8220;off&#8220; button_two_bg_color__hover_enabled=&#8220;off&#8220;][\/et_pb_contact_field][et_pb_contact_field field_id=&#8220;Email&#8220; field_title=&#8220;E-Mail&#8220; field_type=&#8220;email&#8220; _builder_version=&#8220;4.19.1&#8243; border_radii=&#8220;on|10px|10px|10px|10px&#8220; border_color_all=&#8220;#4A9DD3&#8243; global_colors_info=&#8220;{}&#8220; button_text_size__hover_enabled=&#8220;off&#8220; button_one_text_size__hover_enabled=&#8220;off&#8220; button_two_text_size__hover_enabled=&#8220;off&#8220; button_text_color__hover_enabled=&#8220;off&#8220; button_one_text_color__hover_enabled=&#8220;off&#8220; button_two_text_color__hover_enabled=&#8220;off&#8220; button_border_width__hover_enabled=&#8220;off&#8220; button_one_border_width__hover_enabled=&#8220;off&#8220; button_two_border_width__hover_enabled=&#8220;off&#8220; button_border_color__hover_enabled=&#8220;off&#8220; button_one_border_color__hover_enabled=&#8220;off&#8220; button_two_border_color__hover_enabled=&#8220;off&#8220; button_border_radius__hover_enabled=&#8220;off&#8220; button_one_border_radius__hover_enabled=&#8220;off&#8220; button_two_border_radius__hover_enabled=&#8220;off&#8220; button_letter_spacing__hover_enabled=&#8220;off&#8220; button_one_letter_spacing__hover_enabled=&#8220;off&#8220; button_two_letter_spacing__hover_enabled=&#8220;off&#8220; button_bg_color__hover_enabled=&#8220;off&#8220; button_one_bg_color__hover_enabled=&#8220;off&#8220; button_two_bg_color__hover_enabled=&#8220;off&#8220;][\/et_pb_contact_field][et_pb_contact_field field_id=&#8220;T\u00e9l\u00e9phone&#8220; field_title=&#8220;Telefon&#8220; max_length=&#8220;12&#8243; _builder_version=&#8220;4.19.1&#8243; border_radii=&#8220;on|10px|10px|10px|10px&#8220; border_color_all=&#8220;#4A9DD3&#8243; global_colors_info=&#8220;{}&#8220; button_text_size__hover_enabled=&#8220;off&#8220; button_one_text_size__hover_enabled=&#8220;off&#8220; button_two_text_size__hover_enabled=&#8220;off&#8220; button_text_color__hover_enabled=&#8220;off&#8220; button_one_text_color__hover_enabled=&#8220;off&#8220; button_two_text_color__hover_enabled=&#8220;off&#8220; button_border_width__hover_enabled=&#8220;off&#8220; button_one_border_width__hover_enabled=&#8220;off&#8220; button_two_border_width__hover_enabled=&#8220;off&#8220; button_border_color__hover_enabled=&#8220;off&#8220; button_one_border_color__hover_enabled=&#8220;off&#8220; button_two_border_color__hover_enabled=&#8220;off&#8220; button_border_radius__hover_enabled=&#8220;off&#8220; button_one_border_radius__hover_enabled=&#8220;off&#8220; button_two_border_radius__hover_enabled=&#8220;off&#8220; button_letter_spacing__hover_enabled=&#8220;off&#8220; button_one_letter_spacing__hover_enabled=&#8220;off&#8220; button_two_letter_spacing__hover_enabled=&#8220;off&#8220; button_bg_color__hover_enabled=&#8220;off&#8220; button_one_bg_color__hover_enabled=&#8220;off&#8220; button_two_bg_color__hover_enabled=&#8220;off&#8220;][\/et_pb_contact_field][et_pb_contact_field field_id=&#8220;Message&#8220; field_title=&#8220;Message&#8220; field_type=&#8220;text&#8220; _builder_version=&#8220;4.17.6&#8243; custom_margin=&#8220;|0px|||false|false&#8220; border_radii=&#8220;on|10px|10px|10px|10px&#8220; border_color_all=&#8220;#4A9DD3&#8243; global_colors_info=&#8220;{}&#8220; button_text_size__hover_enabled=&#8220;off&#8220; button_one_text_size__hover_enabled=&#8220;off&#8220; button_two_text_size__hover_enabled=&#8220;off&#8220; button_text_color__hover_enabled=&#8220;off&#8220; button_one_text_color__hover_enabled=&#8220;off&#8220; button_two_text_color__hover_enabled=&#8220;off&#8220; button_border_width__hover_enabled=&#8220;off&#8220; button_one_border_width__hover_enabled=&#8220;off&#8220; button_two_border_width__hover_enabled=&#8220;off&#8220; button_border_color__hover_enabled=&#8220;off&#8220; button_one_border_color__hover_enabled=&#8220;off&#8220; button_two_border_color__hover_enabled=&#8220;off&#8220; button_border_radius__hover_enabled=&#8220;off&#8220; button_one_border_radius__hover_enabled=&#8220;off&#8220; button_two_border_radius__hover_enabled=&#8220;off&#8220; button_letter_spacing__hover_enabled=&#8220;off&#8220; button_one_letter_spacing__hover_enabled=&#8220;off&#8220; button_two_letter_spacing__hover_enabled=&#8220;off&#8220; button_bg_color__hover_enabled=&#8220;off&#8220; button_one_bg_color__hover_enabled=&#8220;off&#8220; button_two_bg_color__hover_enabled=&#8220;off&#8220;][\/et_pb_contact_field][\/et_pb_contact_form][\/et_pb_column][et_pb_column type=&#8220;1_3&#8243; _builder_version=&#8220;4.17.6&#8243; background_color=&#8220;#021152&#8243; custom_padding=&#8220;60px|40px|60px|40px&#8220; global_colors_info=&#8220;{}&#8220; custom_padding__hover=&#8220;|||&#8220;][et_pb_text _builder_version=&#8220;4.17.6&#8243; header_font=&#8220;|on|||&#8220; header_font_size=&#8220;36px&#8220; header_line_height=&#8220;1.3em&#8220; background_layout=&#8220;dark&#8220; custom_margin=&#8220;||20px|&#8220; animation_style=&#8220;slide&#8220; animation_direction=&#8220;bottom&#8220; animation_intensity_slide=&#8220;10%&#8220; locked=&#8220;off&#8220; global_colors_info=&#8220;{}&#8220;]<\/p>\n<h1>Infos<\/h1>\n<p>[\/et_pb_text][et_pb_text _builder_version=&#8220;4.19.0&#8243; text_font_size=&#8220;16px&#8220; text_line_height=&#8220;3em&#8220; background_layout=&#8220;dark&#8220; custom_margin=&#8220;||40px|&#8220; global_colors_info=&#8220;{}&#8220;]<\/p>\n<p><strong>91 rue du Faubourg Saint Honor\u00e9<\/strong><br \/><strong>75008 Paris, Frankreich<br \/>contact@perfony.com<\/strong><\/p>\n<p>[\/et_pb_text][et_pb_social_media_follow _builder_version=&#8220;4.17.6&#8243; text_orientation=&#8220;left&#8220; background_layout=&#8220;dark&#8220; custom_margin=&#8220;|||&#8220; global_colors_info=&#8220;{}&#8220;][et_pb_social_media_follow_network social_network=&#8220;facebook&#8220; _builder_version=&#8220;4.17.6&#8243; custom_margin=&#8220;|6px||&#8220; global_colors_info=&#8220;{}&#8220; follow_button=&#8220;off&#8220; url_new_window=&#8220;on&#8220;]facebook[\/et_pb_social_media_follow_network][et_pb_social_media_follow_network social_network=&#8220;linkedin&#8220; _builder_version=&#8220;4.16&#8243; custom_margin=&#8220;|6px||&#8220; custom_padding=&#8220;|||&#8220; global_colors_info=&#8220;{}&#8220; follow_button=&#8220;off&#8220; url_new_window=&#8220;on&#8220;]linkedin[\/et_pb_social_media_follow_network][et_pb_social_media_follow_network social_network=&#8220;twitter&#8220; icon_color=&#8220;#FFFFFF&#8220; _builder_version=&#8220;4.17.6&#8243; _module_preset=&#8220;default&#8220; background_color=&#8220;#021152&#8243; background_enable_color=&#8220;on&#8220; global_colors_info=&#8220;{}&#8220; follow_button=&#8220;off&#8220; url_new_window=&#8220;on&#8220;]twitter[\/et_pb_social_media_follow_network][\/et_pb_social_media_follow][\/et_pb_column][\/et_pb_row][\/et_pb_section]<\/p>\n","protected":false},"excerpt":{"rendered":"<p>KontaktSenden Sie uns eine NachrichtInfos91 rue du Faubourg Saint Honor\u00e975008 Paris, Frankreichcontact@perfony.com<\/p>\n","protected":false},"author":0,"featured_media":0,"parent":0,"menu_order":0,"comment_status":"closed","ping_status":"closed","template":"","meta":{"_et_pb_use_builder":"on","_et_pb_old_content":"","_et_gb_content_width":"","footnotes":""},"class_list":["post-50634","page","type-page","status-publish","hentry"],"_links":{"self":[{"href":"https:\/\/perfony-training.com\/de\/wp-json\/wp\/v2\/pages\/50634","targetHints":{"allow":["GET"]}}],"collection":[{"href":"https:\/\/perfony-training.com\/de\/wp-json\/wp\/v2\/pages"}],"about":[{"href":"https:\/\/perfony-training.com\/de\/wp-json\/wp\/v2\/types\/page"}],"replies":[{"embeddable":true,"href":"https:\/\/perfony-training.com\/de\/wp-json\/wp\/v2\/comments?post=50634"}],"version-history":[{"count":7,"href":"https:\/\/perfony-training.com\/de\/wp-json\/wp\/v2\/pages\/50634\/revisions"}],"predecessor-version":[{"id":58631,"href":"https:\/\/perfony-training.com\/de\/wp-json\/wp\/v2\/pages\/50634\/revisions\/58631"}],"wp:attachment":[{"href":"https:\/\/perfony-training.com\/de\/wp-json\/wp\/v2\/media?parent=50634"}],"curies":[{"name":"wp","href":"https:\/\/api.w.org\/{rel}","templated":true}]}}