{"id":49440,"date":"2022-07-25T11:33:55","date_gmt":"2022-07-25T09:33:55","guid":{"rendered":"https:\/\/perfony-training.com\/politica-de-privacidad\/"},"modified":"2022-09-30T14:58:37","modified_gmt":"2022-09-30T12:58:37","slug":"politica-de-privacidad","status":"publish","type":"page","link":"https:\/\/perfony-training.com\/es\/politica-de-privacidad\/","title":{"rendered":"Pol\u00edtica de privacidad"},"content":{"rendered":"\n[et_pb_section fb_built=\u00bb1&#8243; theme_builder_area=\u00bbpost_content\u00bb _builder_version=\u00bb4.17.6&#8243; _module_preset=\u00bbdefault\u00bb][et_pb_row _builder_version=\u00bb4.17.6&#8243; _module_preset=\u00bbdefault\u00bb theme_builder_area=\u00bbpost_content\u00bb][et_pb_column _builder_version=\u00bb4.17.6&#8243; _module_preset=\u00bbdefault\u00bb type=\u00bb4_4&#8243; theme_builder_area=\u00bbpost_content\u00bb][et_pb_text _builder_version=\u00bb4.17.6&#8243; _module_preset=\u00bbdefault\u00bb theme_builder_area=\u00bbpost_content\u00bb hover_enabled=\u00bb0&#8243; sticky_enabled=\u00bb0&#8243;]<div>\n<div><img loading=\"lazy\" decoding=\"async\" src=\"https:\/\/www.perfony.com\/wp-content\/uploads\/2021\/07\/logo-perfony-dark-bg-2021-300x300.png\" width=\"150\" height=\"150\" alt=\"\" class=\"wp-image-53611 aligncenter size-medium\"><\/div>\n<h1>1 &#8211; Introducci\u00f3n<\/h1>\n<p>Esta Declaraci\u00f3n de Privacidad cubre las pr\u00e1cticas de tratamiento de datos personales y el respeto de los derechos de los interesados cuando se utilizan extranets de iPerfony como  [xxx].iperfony.com, as\u00ed como todos los servicios, aplicaciones o plataformas proporcionadas por la empresa Perfony.`<\/p>\n<p>Esta declaraci\u00f3n de privacidad se rige por el RGPD (Reglamento General de Protecci\u00f3n de Datos) y la Ley de Protecci\u00f3n de Datos francesa.<\/p>\n<p>El sitio web de Perfony puede contener enlaces a otros sitios web. Perfony no es responsable de las pr\u00e1cticas de informaci\u00f3n o del contenido de esos otros sitios web. Perfony Company le anima a revisar las declaraciones de privacidad de otros sitios web para entender sus pr\u00e1cticas de informaci\u00f3n.<\/p>\n<\/div>\n<div>\n<h1>2 &#8211; Seguridad, almacenamiento y conservaci\u00f3n de datos personales<\/h1>\n<p>Los datos personales y de otro tipo se almacenan en nuestras bases de datos. Perfony utiliza algunas de las tecnolog\u00edas de seguridad de Internet m\u00e1s avanzadas de la actualidad. Cuando accedes a tu extranet iPerfony, todas las conexiones se realizan utilizando la tecnolog\u00eda Transport Layer Security (TLS), el est\u00e1ndar m\u00e1s seguro en la actualidad.<\/p>\n<p>Su informaci\u00f3n est\u00e1 protegida por la autenticaci\u00f3n del servidor y la encriptaci\u00f3n de los datos (clave de 2048 bits). Todos los datos se cifran entre su ordenador y nuestro servidor.<\/p>\n<p>Sus datos est\u00e1n seguros y s\u00f3lo est\u00e1n disponibles para los usuarios registrados en su empresa.<\/p>\n<p>Para aislar cada empresa cliente de Perfony, cada extranet de iPerfony est\u00e1 aislada y tiene su propio nombre de dominio y base de datos. Esto evita cualquier intercambio de datos entre diferentes extranets iPerfony y aumenta el nivel de seguridad.<\/p>\n<p>Perfony proporciona a cada usuario de su empresa una contrase\u00f1a y un nombre de usuario \u00fanicos que deben introducir cada vez que se conectan.<\/p>\n<p>Adem\u00e1s, Perfony est\u00e1 alojado en un entorno de servidor seguro que utiliza un cortafuegos y otras tecnolog\u00edas avanzadas para evitar interferencias o impedir el acceso de intrusos.<\/p>\n<p>&nbsp;<\/p>\n<p>Perfony no conserva los datos personales m\u00e1s all\u00e1 del per\u00edodo necesario para alcanzar la finalidad del tratamiento, respetando los l\u00edmites legales y reglamentarios.<\/p>\n<p>Si es usted cliente de Perfony, sus datos se conservan mientras dure el contrato y durante 3 a\u00f1os despu\u00e9s de su finalizaci\u00f3n, salvo disposiciones legales espec\u00edficas.<\/p>\n<\/div>\n<div>\n<h1>3 &#8211; Datos recogidos<\/h1>\n<p>Por otra parte, en el marco de la utilizaci\u00f3n de una extranet dedicada al cliente, en caso de solicitud de informaci\u00f3n o de creaci\u00f3n de una cuenta, es probable que recojamos total o parcialmente los siguientes datos:<\/p>\n<ul>\n<li>Nombre y apellidos<\/li>\n<li>Direcci\u00f3n de correo electr\u00f3nico<\/li>\n<li>N\u00famero de tel\u00e9fono<\/li>\n<li>Nombre de la empresa<\/li>\n<li>Direcci\u00f3n postal<\/li>\n<li>Informaci\u00f3n profesional : (cargo, funci\u00f3n, sector de actividad)<\/li>\n<li>Fotos que se adjuntan a los avatares<\/li>\n<li>Datos de conexi\u00f3n: ID, direcci\u00f3n IP<\/li>\n<\/ul>\n<p>Adem\u00e1s, en el marco de nuestra b\u00fasqueda constante de mejoras y de nuestro posicionamiento como observatorio de la calidad de las reuniones y los planes de acci\u00f3n, solicitamos peri\u00f3dicamente a nuestros usuarios y contactos a trav\u00e9s de encuestas.<\/p>\n<\/div>\n<div>\n<h1>4 &#8211; Utilizaci\u00f3n de los datos recogidos<\/h1>\n<p>La cuenta de Perfony es proporcionada por una organizaci\u00f3n a la que est\u00e1s adscrito. Esta organizaci\u00f3n puede :<\/p>\n<ul>\n<li>Controla y administra tu cuenta.<\/li>\n<li>Acceder y procesar sus datos, incluyendo el contenido de sus datos, comunicaciones y archivos asociados a su cuenta.<\/li>\n<\/ul>\n<p>Si pierde el acceso a su cuenta (si cambia de actividad, por ejemplo), no podr\u00e1 acceder a los datos almacenados en Perfony.<\/p>\n<p>Como el acceso a Perfony lo concede su organizaci\u00f3n, el uso que usted haga de Perfony est\u00e1 sujeto a las pol\u00edticas de su organizaci\u00f3n. Debe dirigir las solicitudes relacionadas con la privacidad, incluidas las solicitudes para ejercer sus derechos de protecci\u00f3n de datos, al administrador de su organizaci\u00f3n. Perfony no es responsable de las pol\u00edticas o pr\u00e1cticas de privacidad o seguridad de sus clientes, que pueden diferir de las indicadas en esta declaraci\u00f3n de privacidad.<\/p>\n<p>Perfony procesa sus datos personales para poner el producto a su disposici\u00f3n y a la de su organizaci\u00f3n y, en algunos casos, para las operaciones comerciales leg\u00edtimas de Perfony relacionadas con el suministro del producto.<\/p>\n<p>Perfony utilizar\u00e1 la informaci\u00f3n sobre su navegaci\u00f3n con el fin de operar y mejorar la aplicaci\u00f3n.<\/p>\n<\/div>\n<div>\n<h1>5 &#8211; Cookies y direcciones IP<\/h1>\n<p>Perfony utiliza cookies para facilitar sus interacciones con la aplicaci\u00f3n y hacerla relevante. Cuando usted utiliza la aplicaci\u00f3n web, los servidores de Perfony env\u00edan una cookie a su ordenador. Perfony utiliza dos cookies en su aplicaci\u00f3n web:<\/p>\n<ul>\n<li>Una cookie de sesi\u00f3n para mantener tu sesi\u00f3n activa mientras utilizas la aplicaci\u00f3n.<\/li>\n<li>Una cookie de an\u00e1lisis (al servidor analytics.perfony.com) utilizada para el an\u00e1lisis y la mejora de la aplicaci\u00f3n.<\/li>\n<\/ul>\n<p>Cuando usted visita su extranet de Perfony, recogemos su direcci\u00f3n IP para rastrear y resumir informaci\u00f3n no personal. Por ejemplo, Perfony utiliza las direcciones IP para controlar las regiones desde las que los usuarios navegan por la aplicaci\u00f3n.<\/p>\n<\/div>\n<div>\n<h1>6 &#8211; Compartir datos personales<\/h1>\n<p>En estricta conformidad con los fundamentos de la Secci\u00f3n 2 de esta declaraci\u00f3n (Seguridad), y salvo que se indique expl\u00edcitamente en esta Declaraci\u00f3n de Privacidad, Perfony no compartir\u00e1, vender\u00e1, alquilar\u00e1 ni comercializar\u00e1 la informaci\u00f3n proporcionada por terceras empresas para sus fines promocionales.<\/p>\n<p>Adem\u00e1s, siempre puede retirar su consentimiento para que utilicemos y divulguemos sus datos personales para determinados fines. Tambi\u00e9n puede oponerse en cualquier momento a este uso de la informaci\u00f3n sobre usted escribiendo a la siguiente direcci\u00f3n: 91 rue du Faubourg Saint Honor\u00e9 75008 Par\u00eds (o envi\u00e1ndonos un correo electr\u00f3nico: rgpd@perfony.com).<\/p>\n<p>Perfony se reserva el derecho de utilizar o divulgar la informaci\u00f3n proporcionada si as\u00ed lo exige la ley o si la empresa cree razonablemente que el uso o la divulgaci\u00f3n son necesarios para proteger sus derechos y\/o cumplir con un procedimiento legal o una orden judicial.<\/p>\n<\/div>\n<div>\n<h1>7 &#8211; Acceso a los datos personales<\/h1>\n<p>Nuestros clientes pueden actualizar o cambiar su informaci\u00f3n de suscripci\u00f3n editando su registro de usuario o empresa. Para actualizar un perfil de usuario o la informaci\u00f3n de su empresa, inicie sesi\u00f3n en su extranet con su contrase\u00f1a y nombre de usuario de Perfony y haga clic en \u00abPreferencias\u00bb. Para consultar los datos personales que le conciernen y que est\u00e1n en nuestro poder, tiene la posibilidad de ponerse en contacto con nosotros:<\/p>\n<p>Correo postal: Perfony SAS &#8211; 91 rue du Faubourg Saint Honor\u00e9 &#8211; 75008 Par\u00eds &#8211; Francia.<\/p>\n<p>Correo electr\u00f3nico: rgpd@perfony.com<\/p>\n<p>Por tel\u00e9fono: +33 1 55 43 76 95<\/p>\n<p>Puede pedirnos que eliminemos cualquier dato personal que tengamos sobre usted. Sin embargo, tenga en cuenta que podemos conservar un registro de sus datos con fines de archivo (especialmente cuando lo exija la ley).<\/p>\n<\/div>\n<div>\n<h1>8 &#8211; Responsable de la protecci\u00f3n de datos (RPD) y modificaci\u00f3n de la declaraci\u00f3n de privacidad<\/h1>\n<p>Perfony se reserva el derecho de modificar esta Declaraci\u00f3n de Privacidad. Perfony le notificar\u00e1 los cambios materiales de esta Declaraci\u00f3n de Privacidad a trav\u00e9s de los sitios web de la empresa al menos treinta (30) d\u00edas h\u00e1biles antes de que dichos cambios entren en vigor.<\/p>\n<p>Perfony ha nombrado a un responsable de la protecci\u00f3n de datos (DPO) cuya funci\u00f3n es garantizar el cumplimiento del RGPD por parte de Perfony<\/p>\n<p>Se beneficia de medidas y medios organizativos que le permiten gestionar su misi\u00f3n.<\/p>\n<p>Puede ponerse en contacto con el RPD para cualquier pregunta relacionada con esta declaraci\u00f3n de privacidad o con las pr\u00e1cticas de informaci\u00f3n de los sitios web de la empresa haciendo clic en rgpd@perfony.com o enviando una carta a<\/p>\n<p>Perfony SAS &#8211; 91 rue du Faubourg Saint Honor\u00e9 &#8211; 75008 Par\u00eds &#8211; Francia<\/p>\n<p>Por tel\u00e9fono: +33 1 55 43 76 95.<\/p>\n<\/div>[\/et_pb_text][\/et_pb_column][\/et_pb_row][\/et_pb_section]\n","protected":false},"excerpt":{"rendered":"<p>1 &#8211; Introducci\u00f3n Esta Declaraci\u00f3n de Privacidad cubre las pr\u00e1cticas de tratamiento de datos personales y el respeto de los derechos de los interesados cuando se utilizan extranets de iPerfony como [xxx].iperfony.com, as\u00ed como todos los servicios, aplicaciones o plataformas proporcionadas por la empresa Perfony.` Esta declaraci\u00f3n de privacidad se rige por el RGPD (Reglamento [&hellip;]<\/p>\n","protected":false},"author":1,"featured_media":0,"parent":0,"menu_order":0,"comment_status":"closed","ping_status":"closed","template":"","meta":{"_et_pb_use_builder":"on","_et_pb_old_content":"","_et_gb_content_width":"","footnotes":""},"class_list":["post-49440","page","type-page","status-publish","hentry"],"_links":{"self":[{"href":"https:\/\/perfony-training.com\/es\/wp-json\/wp\/v2\/pages\/49440","targetHints":{"allow":["GET"]}}],"collection":[{"href":"https:\/\/perfony-training.com\/es\/wp-json\/wp\/v2\/pages"}],"about":[{"href":"https:\/\/perfony-training.com\/es\/wp-json\/wp\/v2\/types\/page"}],"author":[{"embeddable":true,"href":"https:\/\/perfony-training.com\/es\/wp-json\/wp\/v2\/users\/1"}],"replies":[{"embeddable":true,"href":"https:\/\/perfony-training.com\/es\/wp-json\/wp\/v2\/comments?post=49440"}],"version-history":[{"count":1,"href":"https:\/\/perfony-training.com\/es\/wp-json\/wp\/v2\/pages\/49440\/revisions"}],"predecessor-version":[{"id":49441,"href":"https:\/\/perfony-training.com\/es\/wp-json\/wp\/v2\/pages\/49440\/revisions\/49441"}],"wp:attachment":[{"href":"https:\/\/perfony-training.com\/es\/wp-json\/wp\/v2\/media?parent=49440"}],"curies":[{"name":"wp","href":"https:\/\/api.w.org\/{rel}","templated":true}]}}