{"id":49436,"date":"2022-07-25T11:33:55","date_gmt":"2022-07-25T09:33:55","guid":{"rendered":"https:\/\/perfony-training.com\/informativa-sulla-privacy\/"},"modified":"2022-09-30T14:58:37","modified_gmt":"2022-09-30T12:58:37","slug":"informativa-sulla-privacy","status":"publish","type":"page","link":"https:\/\/perfony-training.com\/it\/informativa-sulla-privacy\/","title":{"rendered":"Informativa sulla privacy"},"content":{"rendered":"\n[et_pb_section fb_built=&#8221;1&#8243; theme_builder_area=&#8221;post_content&#8221; _builder_version=&#8221;4.17.6&#8243; _module_preset=&#8221;default&#8221;][et_pb_row _builder_version=&#8221;4.17.6&#8243; _module_preset=&#8221;default&#8221; theme_builder_area=&#8221;post_content&#8221;][et_pb_column _builder_version=&#8221;4.17.6&#8243; _module_preset=&#8221;default&#8221; type=&#8221;4_4&#8243; theme_builder_area=&#8221;post_content&#8221;][et_pb_text _builder_version=&#8221;4.17.6&#8243; _module_preset=&#8221;default&#8221; theme_builder_area=&#8221;post_content&#8221; hover_enabled=&#8221;0&#8243; sticky_enabled=&#8221;0&#8243;]<div>\n<div><img loading=\"lazy\" decoding=\"async\" src=\"https:\/\/www.perfony.com\/wp-content\/uploads\/2021\/07\/logo-perfony-dark-bg-2021-300x300.png\" width=\"150\" height=\"150\" alt=\"\" class=\"wp-image-53611 aligncenter size-medium\"><\/div>\n<h1>1 &#8211; Introduzione<\/h1>\n<p>La presente Informativa sulla privacy riguarda le pratiche di trattamento dei dati personali e il rispetto dei diritti degli interessati nell&#8217;utilizzo delle extranet di iPerfony, come ad esempio  [xxx].iperfony.com, cos\u00ec come tutti i servizi, le applicazioni o le piattaforme fornite dalla societ\u00e0 Perfony.`<\/p>\n<p>La presente informativa sulla privacy \u00e8 disciplinata dal RGPD (Regolamento generale sulla protezione dei dati) e dalla legge francese sulla protezione dei dati.<\/p>\n<p>Il sito web di Perfony pu\u00f2 contenere link ad altri siti web. Perfony non \u00e8 responsabile delle pratiche informative o dei contenuti di tali siti web. Perfony invita l&#8217;utente a prendere visione delle dichiarazioni sulla privacy di altri siti web per comprendere le loro pratiche informative.<\/p>\n<\/div>\n<div>\n<h1>2 &#8211; Sicurezza, archiviazione e conservazione dei dati personali<\/h1>\n<p>I dati personali e di altro tipo sono conservati nei nostri database. Perfony utilizza alcune delle pi\u00f9 avanzate tecnologie di sicurezza Internet. Quando si accede alla extranet iPerfony, tutte le connessioni vengono effettuate utilizzando la tecnologia Transport Layer Security (TLS), lo standard pi\u00f9 sicuro disponibile.<\/p>\n<p>Le vostre informazioni sono protette dall&#8217;autenticazione del server e dalla crittografia dei dati (chiave a 2048 bit). Tutti i dati sono criptati tra il vostro computer e il nostro server.<\/p>\n<p>In questo modo si garantisce che i dati siano sicuri e disponibili solo per gli utenti registrati della vostra azienda.<\/p>\n<p>Per isolare ogni azienda cliente di Perfony, ogni extranet iPerfony \u00e8 isolata e ha il proprio nome di dominio e il proprio database. Questo impedisce qualsiasi scambio di dati tra diverse extranet iPerfony e aumenta il livello di sicurezza.<\/p>\n<p>Perfony fornisce a ogni utente della vostra azienda una password e un nome utente unici che devono essere inseriti a ogni accesso.<\/p>\n<p>Inoltre, Perfony \u00e8 ospitato in un ambiente server sicuro che utilizza un firewall e altre tecnologie avanzate per evitare interferenze o impedire l&#8217;accesso a intrusi.<\/p>\n<p>&nbsp;<\/p>\n<p>Perfony non conserva i dati personali oltre il periodo necessario per raggiungere lo scopo del trattamento, nel rispetto dei limiti legali e normativi.<\/p>\n<p>Se siete clienti di Perfony, i vostri dati vengono conservati per tutta la durata del contratto e per 3 anni dopo la fine del contratto, salvo diverse disposizioni di legge.<\/p>\n<\/div>\n<div>\n<h1>3 &#8211; Dati raccolti<\/h1>\n<p>D&#8217;altra parte, nel contesto dell&#8217;utilizzo di una rete extranet dedicata al cliente, in caso di richiesta di informazioni o di creazione di un account, \u00e8 probabile che raccogliamo tutti o parte dei seguenti dati:<\/p>\n<ul>\n<li>Nome e cognome<\/li>\n<li>Indirizzo e-mail<\/li>\n<li>Numero di telefono<\/li>\n<li>Nome della societ\u00e0<\/li>\n<li>Indirizzo postale<\/li>\n<li>Informazioni professionali: (posizione, funzione, settore di attivit\u00e0)<\/li>\n<li>Foto allegate agli avatar<\/li>\n<li>Dati di connessione: ID, indirizzo IP<\/li>\n<\/ul>\n<p>Inoltre, nell&#8217;ambito della nostra costante ricerca di miglioramento e del nostro posizionamento come osservatorio della qualit\u00e0 delle riunioni e dei piani d&#8217;azione, sollecitiamo regolarmente i nostri utenti e contatti attraverso sondaggi.<\/p>\n<\/div>\n<div>\n<h1>4 &#8211; Utilizzo dei dati raccolti<\/h1>\n<p>L&#8217;account Perfony \u00e8 fornito da un&#8217;organizzazione a cui si \u00e8 legati. Questa organizzazione pu\u00f2 :<\/p>\n<ul>\n<li>Controllare e amministrare il proprio account.<\/li>\n<li>Accedere ed elaborare i vostri dati, compresi i contenuti dei vostri dati, le comunicazioni e i file associati al vostro account.<\/li>\n<\/ul>\n<p>Se si perde l&#8217;accesso al proprio account (ad esempio, se si cambia lavoro), non sar\u00e0 possibile accedere ai dati memorizzati in Perfony.<\/p>\n<p>Poich\u00e9 l&#8217;accesso a Perfony \u00e8 concesso dalla propria organizzazione, l&#8217;uso di Perfony \u00e8 soggetto alle politiche della propria organizzazione. Le richieste relative alla privacy, comprese le richieste di esercitare i propri diritti di protezione dei dati, devono essere indirizzate all&#8217;amministratore della propria organizzazione. Perfony non \u00e8 responsabile delle politiche o delle pratiche sulla privacy o sulla sicurezza dei propri clienti, che possono differire da quelle indicate nella presente informativa sulla privacy.<\/p>\n<p>Perfony tratta i dati personali dell&#8217;utente per rendere disponibile il prodotto all&#8217;utente e alla sua organizzazione e, in alcuni casi, per le legittime operazioni commerciali di Perfony relative alla fornitura del prodotto.<\/p>\n<p>Perfony utilizzer\u00e0 le informazioni relative alla navigazione dell&#8217;utente allo scopo di gestire e migliorare l&#8217;applicazione.<\/p>\n<\/div>\n<div>\n<h1>5 &#8211; Cookie e indirizzi IP<\/h1>\n<p>Perfony utilizza i cookie per facilitare le interazioni con l&#8217;applicazione e per renderla pertinente. Quando si utilizza l&#8217;applicazione web, i server di Perfony inviano un cookie al computer dell&#8217;utente. Perfony utilizza due cookie nella sua applicazione web:<\/p>\n<ul>\n<li>Un cookie di sessione per mantenere attiva la sessione durante l&#8217;utilizzo dell&#8217;applicazione.<\/li>\n<li>Un cookie analitico (al server analytics.perfony.com) utilizzato per l&#8217;analisi e il miglioramento dell&#8217;applicazione.<\/li>\n<\/ul>\n<p>Quando visitate la vostra extranet Perfony, raccogliamo il vostro indirizzo IP per tracciare e riassumere le informazioni non personali. Ad esempio, Perfony utilizza gli indirizzi IP per monitorare le regioni da cui gli utenti navigano nell&#8217;applicazione.<\/p>\n<\/div>\n<div>\n<h1>6 &#8211; Condivisione dei dati personali<\/h1>\n<p>In stretta conformit\u00e0 con le basi della Sezione 2 della presente dichiarazione (Sicurezza), e ad eccezione di quanto esplicitamente dichiarato nella presente Dichiarazione sulla privacy, Perfony non condivider\u00e0, vender\u00e0, affitter\u00e0 o commercializzer\u00e0 in altro modo le informazioni fornite da societ\u00e0 terze per i loro scopi promozionali.<\/p>\n<p>Inoltre, potete sempre revocare il vostro consenso all&#8217;utilizzo e alla divulgazione dei vostri dati personali per determinati scopi. L&#8217;utente pu\u00f2 inoltre opporsi in qualsiasi momento a questo utilizzo delle informazioni che lo riguardano scrivendo al seguente indirizzo: 91 rue du Faubourg Saint Honor\u00e9 75008 Paris (o inviandoci un&#8217;e-mail: rgpd@perfony.com).<\/p>\n<p>Perfony si riserva il diritto di utilizzare o divulgare le informazioni fornite se richiesto dalla legge o se Perfony ritiene ragionevolmente che tale utilizzo o divulgazione sia necessario per proteggere i propri diritti e\/o rispettare un procedimento legale o un ordine del tribunale.<\/p>\n<\/div>\n<div>\n<h1>7 &#8211; Accesso ai dati personali<\/h1>\n<p>I nostri Clienti possono aggiornare o modificare le proprie informazioni di abbonamento modificando la propria registrazione utente o aziendale. Per aggiornare il profilo di un utente o le informazioni sulla vostra azienda, accedete alla vostra extranet con la vostra password e il vostro nome utente Perfony e cliccate su &#8220;Preferenze&#8221;. Se desiderate consultare i dati personali in nostro possesso, potete contattarci:<\/p>\n<p>Posta: Perfony SAS &#8211; 91 rue du Faubourg Saint Honor\u00e9 &#8211; 75008 Parigi &#8211; Francia.<\/p>\n<p>E-mail: rgpd@perfony.com<\/p>\n<p>Per telefono: +33 1 55 43 76 95<\/p>\n<p>Potete chiederci di cancellare i vostri dati personali in nostro possesso. Tuttavia, si prega di notare che potremmo conservare una registrazione dei vostri dati a scopo di archiviazione (in particolare se richiesto dalla legge).<\/p>\n<\/div>\n<div>\n<h1>8 &#8211; Responsabile della protezione dei dati (DPO) e modifica dell&#8217;informativa sulla privacy<\/h1>\n<p>Perfony si riserva il diritto di modificare la presente Informativa sulla privacy. Perfony comunicher\u00e0 all&#8217;utente le modifiche sostanziali alla presente Informativa sulla privacy attraverso i siti web della Societ\u00e0 almeno trenta (30) giorni lavorativi prima dell&#8217;entrata in vigore di tali modifiche.<\/p>\n<p>Perfony ha nominato un responsabile della protezione dei dati (DPO) il cui ruolo \u00e8 quello di garantire la conformit\u00e0 di Perfony al RGPD.<\/p>\n<p>Beneficia di misure e mezzi organizzativi che le consentono di gestire la sua missione.<\/p>\n<p>Il DPO pu\u00f2 essere contattato per qualsiasi domanda relativa alla presente Informativa sulla privacy o alle pratiche informative dei siti web della Societ\u00e0 facendo clic su rgpd@perfony.com o inviando una lettera a<\/p>\n<p>Perfony SAS &#8211; 91 rue du Faubourg Saint Honor\u00e9 &#8211; 75008 Parigi &#8211; Francia<\/p>\n<p>Per telefono: +33 1 55 43 76 95.<\/p>\n<\/div>[\/et_pb_text][\/et_pb_column][\/et_pb_row][\/et_pb_section]\n","protected":false},"excerpt":{"rendered":"<p>1 &#8211; Introduzione La presente Informativa sulla privacy riguarda le pratiche di trattamento dei dati personali e il rispetto dei diritti degli interessati nell&#8217;utilizzo delle extranet di iPerfony, come ad esempio [xxx].iperfony.com, cos\u00ec come tutti i servizi, le applicazioni o le piattaforme fornite dalla societ\u00e0 Perfony.` La presente informativa sulla privacy \u00e8 disciplinata dal RGPD [&hellip;]<\/p>\n","protected":false},"author":1,"featured_media":0,"parent":0,"menu_order":0,"comment_status":"closed","ping_status":"closed","template":"","meta":{"_et_pb_use_builder":"on","_et_pb_old_content":"","_et_gb_content_width":"","footnotes":""},"class_list":["post-49436","page","type-page","status-publish","hentry"],"_links":{"self":[{"href":"https:\/\/perfony-training.com\/it\/wp-json\/wp\/v2\/pages\/49436","targetHints":{"allow":["GET"]}}],"collection":[{"href":"https:\/\/perfony-training.com\/it\/wp-json\/wp\/v2\/pages"}],"about":[{"href":"https:\/\/perfony-training.com\/it\/wp-json\/wp\/v2\/types\/page"}],"author":[{"embeddable":true,"href":"https:\/\/perfony-training.com\/it\/wp-json\/wp\/v2\/users\/1"}],"replies":[{"embeddable":true,"href":"https:\/\/perfony-training.com\/it\/wp-json\/wp\/v2\/comments?post=49436"}],"version-history":[{"count":1,"href":"https:\/\/perfony-training.com\/it\/wp-json\/wp\/v2\/pages\/49436\/revisions"}],"predecessor-version":[{"id":49437,"href":"https:\/\/perfony-training.com\/it\/wp-json\/wp\/v2\/pages\/49436\/revisions\/49437"}],"wp:attachment":[{"href":"https:\/\/perfony-training.com\/it\/wp-json\/wp\/v2\/media?parent=49436"}],"curies":[{"name":"wp","href":"https:\/\/api.w.org\/{rel}","templated":true}]}}