{"id":49458,"date":"2022-07-25T11:33:52","date_gmt":"2022-07-25T09:33:52","guid":{"rendered":"https:\/\/perfony-training.com\/avviso-legale\/"},"modified":"2022-09-30T14:58:51","modified_gmt":"2022-09-30T12:58:51","slug":"avviso-legale","status":"publish","type":"page","link":"https:\/\/perfony-training.com\/it\/avviso-legale\/","title":{"rendered":"Avviso legale"},"content":{"rendered":"\n[et_pb_section fb_built=&#8221;1&#8243; theme_builder_area=&#8221;post_content&#8221; _builder_version=&#8221;4.17.6&#8243; _module_preset=&#8221;default&#8221;][et_pb_row _builder_version=&#8221;4.17.6&#8243; _module_preset=&#8221;default&#8221; theme_builder_area=&#8221;post_content&#8221;][et_pb_column _builder_version=&#8221;4.17.6&#8243; _module_preset=&#8221;default&#8221; type=&#8221;4_4&#8243; theme_builder_area=&#8221;post_content&#8221;][et_pb_text _builder_version=&#8221;4.17.6&#8243; _module_preset=&#8221;default&#8221; theme_builder_area=&#8221;post_content&#8221; hover_enabled=&#8221;0&#8243; sticky_enabled=&#8221;0&#8243;]<h1>Avviso legale<\/h1>\n<hr>\n<h2>1 &#8211; Presentazione del sito<\/h2>\n<p>Ai sensi dell&#8217;articolo 6 della legge n. 2004-575 del 21 giugno 2004 sulla fiducia nell&#8217;economia digitale, gli utenti del sito web www.perfony-training.com sono informati dell&#8217;identit\u00e0 dei diversi soggetti coinvolti nella sua creazione e nel suo monitoraggio:<\/p>\n<p><strong>Proprietario<\/strong>: Perfony SAS, societ\u00e0 per azioni semplificata iscritta al Registro del Commercio di Parigi con il numero 533 868 873 e domiciliata al 91 rue du Faubourg Saint Honor\u00e9 a Parigi 8<sup>\u00e8me<\/sup>.<\/p>\n<ul>\n<li><strong>Creatore<\/strong> : Perfony SAS<\/li>\n<li><strong>Pubblicazione responsabile<\/strong> : Mr Lionel PASCO<\/li>\n<li><strong>Ostessa<\/strong> : Infomaniak, Rue Eug\u00e8ne-Marziano 25, 1227 Ginevra, Svizzera<\/li>\n<\/ul>\n<p>Crediti :<\/p>\n<ul>\n<li>Modello Divi<\/li>\n<li>gli avvisi legali sono stati generati e offerti da Subdelirium<\/li>\n<li>l&#8217;icona FlatIcon, Icona8<\/li>\n<li>le foto: Fotolia, Pexels e Pixabay<\/li>\n<li>immagini: P-PX, Freepik<\/li>\n<\/ul>\n<h2>2 &#8211; Condizioni generali di utilizzo del sito e dei servizi offerti<\/h2>\n<p>L&#8217;utilizzo del sito web www.perfony-training.com implica la piena accettazione delle condizioni generali di utilizzo descritte di seguito. Le presenti condizioni di utilizzo possono essere modificate o integrate in qualsiasi momento, pertanto gli utenti del sito web www.perfony-training.com sono invitati a consultarle regolarmente.<\/p>\n<p>Questo sito \u00e8 normalmente accessibile agli utenti in qualsiasi momento. Tuttavia, un&#8217;interruzione per la manutenzione tecnica pu\u00f2 essere decisa da Perfony SAS, che si sforzer\u00e0 di informare gli utenti in anticipo sulle date e gli orari dell&#8217;intervento.<\/p>\n<p>Il sito web www.perfony-training.com viene aggiornato regolarmente da PerfonySAS. Allo stesso modo, le note legali possono essere modificate in qualsiasi momento: sono comunque vincolanti per l&#8217;utente, che \u00e8 invitato a farvi riferimento il pi\u00f9 spesso possibile per poterle leggere.<\/p>\n<h2>3 &#8211; Descrizione dei servizi forniti<\/h2>\n<p>Lo scopo del sito web www.perfony-training.com \u00e8 quello di fornire informazioni su tutte le attivit\u00e0 di Perfony SAS.<\/p>\n<p>Perfony SAS si impegna a fornire informazioni il pi\u00f9 possibile accurate sul sito web www.perfony-training.com. Tuttavia, essa non pu\u00f2 essere ritenuta responsabile per omissioni, imprecisioni e carenze nell&#8217;aggiornamento, siano esse causate da essa stessa o dai partner terzi che le forniscono tali informazioni.<\/p>\n<p>Tutte le informazioni presenti sul sito web www.perfony-training.com sono fornite a titolo indicativo e possono subire variazioni. Inoltre, le informazioni presenti sul sito web www.perfony-training.com non sono esaustive. Sono date con riserva di modifiche che sono state fatte da quando sono stati messi online.<\/p>\n<h2>4 &#8211; Limitazioni contrattuali sui dati tecnici<\/h2>\n<p>Il sito utilizza JavaScript, HTML5, CSS3 e tecnologia PHP.<\/p>\n<p>Il sito web non pu\u00f2 essere ritenuto responsabile per eventuali danni materiali legati all&#8217;utilizzo del sito. Inoltre, l&#8217;utente del sito si impegna ad accedervi utilizzando apparecchiature recenti e prive di virus e con un browser aggiornato di ultima generazione.<\/p>\n<h2>5 &#8211; Propriet\u00e0 intellettuale e contraffazione<\/h2>\n<p>Perfony SAS \u00e8 titolare dei diritti di propriet\u00e0 intellettuale o detiene i diritti d&#8217;uso su tutti gli elementi accessibili sul sito, in particolare testi, immagini, grafica, logo, icone, suoni, software.<\/p>\n<p>Qualsiasi riproduzione, rappresentazione, modifica, modifica, pubblicazione, adattamento di tutti o parte degli elementi del sito, indipendentemente dal mezzo o dal processo utilizzato, \u00e8 vietata senza la preventiva autorizzazione scritta di Perfony SAS.<\/p>\n<p>Qualsiasi uso non autorizzato del sito o di uno qualsiasi degli elementi in esso contenuti sar\u00e0 considerato una violazione e sar\u00e0 perseguito in conformit\u00e0 alle disposizioni degli articoli L.335-2 e seguenti del Codice della Propriet\u00e0 Intellettuale.<\/p>\n<h2>6 &#8211; Limitazioni di responsabilit\u00e0<\/h2>\n<p>Perfony SAS non pu\u00f2 essere ritenuta responsabile per i danni diretti e indiretti causati all&#8217;apparecchiatura dell&#8217;utente durante l&#8217;accesso al sito www.perfony-training.com, e derivanti sia dall&#8217;uso di un&#8217;apparecchiatura non conforme alle specifiche indicate al punto 4, sia dalla comparsa di un bug o di un&#8217;incompatibilit\u00e0.<\/p>\n<p>Perfony SAS non pu\u00f2 essere ritenuta responsabile per eventuali danni indiretti (come la perdita di mercato o di opportunit\u00e0) derivanti dall&#8217;uso del sito www.perfony-training.com.<\/p>\n<p>Le aree interattive (possibilit\u00e0 di porre domande nell&#8217;area di contatto, ad esempio) sono a disposizione degli utenti. Perfony SAS si riserva il diritto di cancellare, senza preavviso, qualsiasi contenuto pubblicato in questo spazio che contravvenga alla legislazione applicabile in Francia, in particolare alle disposizioni relative alla protezione dei dati. Se del caso, Perfony SAS si riserva inoltre il diritto di contestare la responsabilit\u00e0 civile e\/o penale dell&#8217;utente, in particolare in caso di messaggi di carattere razzista, ingiurioso, diffamatorio o pornografico, indipendentemente dal mezzo utilizzato (testo, fotografia, ecc.).<\/p>\n<h2>7 &#8211; Gestione dei dati personali<\/h2>\n<p>In Francia, i dati personali sono protetti in particolare dalla legge n\u00b0 78-87 del 6 gennaio 1978, dalla legge n\u00b0 2004-801 del 6 agosto 2004, dall&#8217;articolo L. 226-13 del codice penale e dalla direttiva europea del 24 ottobre 1995.<\/p>\n<p>Quando si utilizza il sito web www.perfony-training.com, possono essere raccolte le seguenti informazioni: l&#8217;URL dei link attraverso i quali l&#8217;utente accede al sito web www.perfony-training.com, il provider di accesso dell&#8217;utente, l&#8217;indirizzo del protocollo Internet (IP) dell&#8217;utente.<\/p>\n<p>In ogni caso, Perfony SAS raccoglie informazioni personali sull&#8217;utente solo ai fini di alcuni servizi offerti dal sito www.perfony-training.com. L&#8217;utente fornisce queste informazioni con piena cognizione di causa, in particolare quando le inserisce lui stesso. L&#8217;utente del sito web www.perfony-training.com viene quindi informato se \u00e8 tenuto o meno a fornire tali informazioni.<\/p>\n<p>Conformemente alle disposizioni degli articoli 38 e seguenti della legge 78-17 del 6 gennaio 1978 relativa all&#8217;informatica, ai file e alle libert\u00e0, ogni utente ha il diritto di accedere, rettificare e opporsi ai dati personali che lo riguardano, presentando una richiesta scritta e firmata, accompagnata da una copia del documento d&#8217;identit\u00e0 con la firma del titolare, specificando l&#8217;indirizzo al quale deve essere inviata la risposta.<\/p>\n<p>Nessuna informazione personale dell&#8217;utente del sito web www.perfony-training.com viene pubblicata all&#8217;insaputa dell&#8217;utente, scambiata, trasferita, ceduta o venduta su qualsiasi supporto a terzi. Solo l&#8217;assunzione dell&#8217;acquisto di Perfony SAS e dei suoi diritti consentirebbe la trasmissione di tali informazioni all&#8217;eventuale acquirente, che sarebbe a sua volta tenuto agli stessi obblighi di conservazione e modifica dei dati nei confronti degli utenti del sito www.perfony-training.com.<\/p>\n<p>Il suddetto sito \u00e8 dichiarato alla CNIL con il numero 1574801.<\/p>\n<p>Le banche dati sono protette dalle disposizioni della legge del 1\u00b0 luglio 1998 che recepisce la direttiva 96\/9 dell&#8217;11 marzo 1996 sulla tutela giuridica delle banche dati.<\/p>\n<h2>8 &#8211; Link ipertestuali e cookie<\/h2>\n<p>Il sito web www.perfony-training.com contiene una serie di collegamenti ipertestuali ad altri siti web, creati con l&#8217;autorizzazione di Perfony SAS. Tuttavia, Perfony SAS non \u00e8 in grado di verificare il contenuto dei siti visitati in questo modo, e quindi non si assume alcuna responsabilit\u00e0 per questo fatto.<\/p>\n<p>La navigazione sul sito web www.perfony-training.com pu\u00f2 causare l&#8217;installazione di cookie sul computer dell&#8217;utente. Un cookie \u00e8 un piccolo file che non consente l&#8217;identificazione dell&#8217;utente, ma che registra informazioni relative alla navigazione di un computer su un sito. I dati cos\u00ec ottenuti hanno lo scopo di facilitare la successiva navigazione sul sito, e sono anche destinati a consentire diverse misure di traffico.<\/p>\n<p>Il rifiuto di installare un cookie pu\u00f2 comportare l&#8217;impossibilit\u00e0 di accedere a determinati servizi. Tuttavia, l&#8217;utente pu\u00f2 configurare il proprio computer come segue per rifiutare l&#8217;installazione dei cookie:<\/p>\n<h3>Sotto Internet Explorer :<\/h3>\n<p>Scheda strumento (pittogramma ruota dentata in alto a destra) \/ opzioni internet. Fare clic su Privacy e scegliere Blocca tutti i cookie. Convalida su Ok.<\/p>\n<p>Sotto Firefox: nella parte superiore della finestra del browser, cliccate sul pulsante Firefox, poi andate alla scheda Opzioni. Clicca sulla scheda Privacy. Impostare le Regole di conservazione su: Utilizzare impostazioni personalizzate per la cronologia. Infine deselezionarlo per disattivare i cookie.<\/p>\n<h3>Su Safari:<\/h3>\n<p>Cliccate sull&#8217;icona del menu (simboleggiata da un ingranaggio) in alto a destra del browser. Selezionare Impostazioni. Fare clic su Mostra impostazioni avanzate. Nella sezione &#8220;Privacy&#8221;, cliccare su Impostazioni contenuti. Nella sezione &#8220;Cookies&#8221; \u00e8 possibile bloccare i cookies.<br><span>Sotto cromo: <\/span><\/p>\n<p>Cliccate sull&#8217;icona del menu (simboleggiata da tre linee orizzontali) in alto a destra del browser. Selezionare Impostazioni. Fare clic su Mostra impostazioni avanzate. Nella sezione &#8220;Privacy&#8221;, cliccare sulle preferenze. Nella scheda &#8220;Privacy&#8221; \u00e8 possibile bloccare i cookie.<\/p>\n<h2>9 &#8211; Legge applicabile e giurisdizione<\/h2>\n<p>Qualsiasi controversia relativa all&#8217;utilizzo del sito web www.perfony-training.com \u00e8 soggetta alla legge francese. La giurisdizione esclusiva \u00e8 attribuita ai tribunali competenti di Parigi.<\/p>\n<h2>10 &#8211; I testi principali<\/h2>\n<p>Legge n. 78-87 del 6 gennaio 1978, modificata in particolare dalla legge n. 2004-801 del 6 agosto 2004 relativa all&#8217;informatica, ai file e alle libert\u00e0.<\/p>\n<p>Legge n. 2004-575 del 21 giugno 2004 per la fiducia nell&#8217;economia digitale.<\/p>\n<h2>11 &#8211; Lessico<\/h2>\n<p>Utente: utente di Internet che si connette, utilizzando il sito sopra citato.<\/p>\n<p>Informazioni personali: &#8220;informazioni che permettono, sotto qualsiasi forma, direttamente o indirettamente, l&#8217;identificazione delle persone fisiche alle quali si applicano&#8221; (articolo 4 della legge n\u00b0 78-17 del 6 gennaio 1978).<\/p>[\/et_pb_text][\/et_pb_column][\/et_pb_row][\/et_pb_section]\n","protected":false},"excerpt":{"rendered":"<p>Avviso legale 1 &#8211; Presentazione del sito Ai sensi dell&#8217;articolo 6 della legge n. 2004-575 del 21 giugno 2004 sulla fiducia nell&#8217;economia digitale, gli utenti del sito web www.perfony-training.com sono informati dell&#8217;identit\u00e0 dei diversi soggetti coinvolti nella sua creazione e nel suo monitoraggio: Proprietario: Perfony SAS, societ\u00e0 per azioni semplificata iscritta al Registro del Commercio [&hellip;]<\/p>\n","protected":false},"author":1,"featured_media":0,"parent":0,"menu_order":0,"comment_status":"closed","ping_status":"closed","template":"","meta":{"_et_pb_use_builder":"on","_et_pb_old_content":"","_et_gb_content_width":"","footnotes":""},"class_list":["post-49458","page","type-page","status-publish","hentry"],"_links":{"self":[{"href":"https:\/\/perfony-training.com\/it\/wp-json\/wp\/v2\/pages\/49458","targetHints":{"allow":["GET"]}}],"collection":[{"href":"https:\/\/perfony-training.com\/it\/wp-json\/wp\/v2\/pages"}],"about":[{"href":"https:\/\/perfony-training.com\/it\/wp-json\/wp\/v2\/types\/page"}],"author":[{"embeddable":true,"href":"https:\/\/perfony-training.com\/it\/wp-json\/wp\/v2\/users\/1"}],"replies":[{"embeddable":true,"href":"https:\/\/perfony-training.com\/it\/wp-json\/wp\/v2\/comments?post=49458"}],"version-history":[{"count":1,"href":"https:\/\/perfony-training.com\/it\/wp-json\/wp\/v2\/pages\/49458\/revisions"}],"predecessor-version":[{"id":49459,"href":"https:\/\/perfony-training.com\/it\/wp-json\/wp\/v2\/pages\/49458\/revisions\/49459"}],"wp:attachment":[{"href":"https:\/\/perfony-training.com\/it\/wp-json\/wp\/v2\/media?parent=49458"}],"curies":[{"name":"wp","href":"https:\/\/api.w.org\/{rel}","templated":true}]}}