{"id":49495,"date":"2022-07-25T11:33:55","date_gmt":"2022-07-25T09:33:55","guid":{"rendered":"https:\/\/perfony-training.com\/privacybeleid\/"},"modified":"2022-09-30T14:59:13","modified_gmt":"2022-09-30T12:59:13","slug":"privacybeleid","status":"publish","type":"page","link":"https:\/\/perfony-training.com\/nl\/privacybeleid\/","title":{"rendered":"Privacybeleid"},"content":{"rendered":"\n[et_pb_section fb_built=&#8221;1&#8243; theme_builder_area=&#8221;post_content&#8221; _builder_version=&#8221;4.17.6&#8243; _module_preset=&#8221;default&#8221;][et_pb_row _builder_version=&#8221;4.17.6&#8243; _module_preset=&#8221;default&#8221; theme_builder_area=&#8221;post_content&#8221;][et_pb_column _builder_version=&#8221;4.17.6&#8243; _module_preset=&#8221;default&#8221; type=&#8221;4_4&#8243; theme_builder_area=&#8221;post_content&#8221;][et_pb_text _builder_version=&#8221;4.17.6&#8243; _module_preset=&#8221;default&#8221; theme_builder_area=&#8221;post_content&#8221; hover_enabled=&#8221;0&#8243; sticky_enabled=&#8221;0&#8243;]<div>\n<div><img loading=\"lazy\" decoding=\"async\" src=\"https:\/\/www.perfony.com\/wp-content\/uploads\/2021\/07\/logo-perfony-dark-bg-2021-300x300.png\" width=\"150\" height=\"150\" alt=\"\" class=\"wp-image-53611 aligncenter size-medium\" \/><\/div>\n<h1>1 \u2013 Introduction<\/h1>\n<p>La pr\u00e9sente D\u00e9claration de confidentialit\u00e9 concerne les pratiques en mati\u00e8re de traitement de donn\u00e9es \u00e0 caract\u00e8re personnel et le respect des droits des personnes concern\u00e9es dans la cadre de l\u2019utilisation des extranets iPerfony de type [xxx].iperfony.com, ainsi que tous les services, applications ou plateformes fournis par la soci\u00e9t\u00e9 Perfony.`<\/p>\n<p>Les textes de rattachement de cette d\u00e9claration de confidentialit\u00e9 sont le RGPD (R\u00e8glement G\u00e9n\u00e9ral pour la Protection des Donn\u00e9es) et la Loi dite \u00ab Informatique et Libert\u00e9s \u00bb.<\/p>\n<p>Il se peut que le site Web de Perfony contienne des liens vers d\u2019autres sites Web. En aucun cas Perfony ne saurait \u00eatre tenu pour responsable des pratiques en mati\u00e8re d\u2019informations ou du contenu desdits autres sites Web. La Soci\u00e9t\u00e9 Perfony vous invite \u00e0 examiner les d\u00e9clarations de confidentialit\u00e9 des autres sites Web pour comprendre leurs pratiques en mati\u00e8re d\u2019informations.<\/p>\n<\/div>\n<div>\n<h1>2 \u2013 S\u00e9curit\u00e9, stockage et conservation des donn\u00e9es personnelles<\/h1>\n<p>Les donn\u00e9es personnelles et les autres sont stock\u00e9es dans nos bases de donn\u00e9es. La Soci\u00e9t\u00e9 Perfony utilise certaines des technologies actuelles les plus avanc\u00e9es en mati\u00e8re de s\u00e9curit\u00e9 Internet. Lorsque vous acc\u00e9dez \u00e0 votre extranet iPerfony, toutes les connexions se font \u00e0 l\u2019aide de la technologie Transport Layer Security (TLS), standard le plus s\u00e9curis\u00e9 actuellement.<\/p>\n<p>Vos informations sont prot\u00e9g\u00e9es gr\u00e2ce \u00e0 l\u2019authentification du serveur et au cryptage des donn\u00e9es (cl\u00e9 2048 Bits). Toutes les donn\u00e9es sont chiffr\u00e9es entre votre ordinateur et notre serveur.<\/p>\n<p>Vos donn\u00e9es sont ainsi s\u00e9curis\u00e9es et disponibles uniquement pour les utilisateurs inscrits de votre entreprise.<\/p>\n<p>Afin d\u2019isoler chaque entreprise cliente de Perfony, chaque extranet iPerfony est isol\u00e9 et poss\u00e8de son propre nom de domaine et sa propre base de donn\u00e9es. Cela emp\u00eache tout \u00e9change de donn\u00e9es entre diff\u00e9rents extranet iPerfony et accroit le niveau de s\u00e9curit\u00e9.<\/p>\n<p>Perfony fournit \u00e0 chaque utilisateur de votre entreprise un mot de passe et un nom d\u2019utilisateur unique qu\u2019il doit saisir chaque fois qu\u2019il se connecte.<\/p>\n<p>En outre, Perfony est h\u00e9berg\u00e9 dans un environnement de serveurs s\u00e9curis\u00e9s qui utilise un pare-feu et d\u2019autres technologies avanc\u00e9es pour \u00e9viter les interf\u00e9rences ou pour emp\u00eacher les intrus d\u2019y acc\u00e9der.<\/p>\n<p>&nbsp;<\/p>\n<p>Perfony ne conserve pas les donn\u00e9es \u00e0 caract\u00e8re personnel au-del\u00e0 de la dur\u00e9e n\u00e9cessaire pour atteindre la finalit\u00e9 du traitement, tout en respectant les limites l\u00e9gales et r\u00e8glementaires.<\/p>\n<p>Si vous \u00eates Client de Perfony, vos donn\u00e9es sont conserv\u00e9es durant la dur\u00e9e du contrat, et 3 ans \u00e0 son issu, sauf dispositions l\u00e9gales particuli\u00e8res.<\/p>\n<\/div>\n<div>\n<h1>3 \u2013 Donn\u00e9es collect\u00e9es<\/h1>\n<p>En revanche, dans le cadre de l\u2019utilisation d\u2019un extranet d\u00e9di\u00e9 au client, en cas de demande d\u2019information ou de cr\u00e9ation de compte, nous sommes susceptibles de collecter toute ou partie des donn\u00e9es suivantes :<\/p>\n<ul>\n<li>Pr\u00e9nom et nom de famille<\/li>\n<li>Adresse de courrier \u00e9lectronique<\/li>\n<li>Num\u00e9ro de t\u00e9l\u00e9phone<\/li>\n<li>Nom de la soci\u00e9t\u00e9<\/li>\n<li>Adresse postale<\/li>\n<li>Informations professionnelles : (poste, fonction, secteur activit\u00e9)<\/li>\n<li>Photos qui sont attach\u00e9es aux avatars<\/li>\n<li>Donn\u00e9es de connexion : ID, adresse IP<\/li>\n<\/ul>\n<p>Par ailleurs, dans le cadre de notre recherche constante d\u2019am\u00e9lioration et de positionnement en tant qu\u2019observatoire de la qualit\u00e9 des r\u00e9unions et des plans d\u2019action, nous sollicitons r\u00e9guli\u00e8rement nos utilisateurs et contacts via des sondages.<\/p>\n<\/div>\n<div>\n<h1>4 \u2013 Utilisation des donn\u00e9es collect\u00e9es<\/h1>\n<p>Le compte Perfony vous est fourni par une organisation \u00e0 laquelle vous \u00eates rattach\u00e9. Cette organisation peut :<\/p>\n<ul>\n<li>Contr\u00f4ler et administrer votre compte.<\/li>\n<li>Acc\u00e9der \u00e0 vos donn\u00e9es et les traiter, notamment les contenus de vos donn\u00e9es, communications et fichiers associ\u00e9s \u00e0 votre compte.<\/li>\n<\/ul>\n<p>Si vous perdez l\u2019acc\u00e8s \u00e0 votre compte (en cas de changement d\u2019activit\u00e9, par exemple), vous ne pourrez plus acc\u00e9der aux donn\u00e9es stock\u00e9es dans Perfony.<\/p>\n<p>L\u2019acc\u00e8s \u00e0 Perfony vous \u00e9tant donn\u00e9 par votre organisation, votre utilisation de Perfony est soumise aux politiques de votre organisation. Vous devez envoyer vos demandes concernant la confidentialit\u00e9, notamment les demandes pour exercer vos droits en mati\u00e8re de protection des donn\u00e9es, \u00e0 l\u2019administrateur de votre organisation. Perfony n\u2019est pas responsable des politiques ou des pratiques de confidentialit\u00e9 ou de s\u00e9curit\u00e9 de ses clients, qui peuvent diff\u00e9rer de celles stipul\u00e9es dans cette d\u00e9claration de confidentialit\u00e9.<\/p>\n<p>Perfony traite vos donn\u00e9es personnelles pour mettre le produit \u00e0 votre disposition et \u00e0 celle de votre organisation et dans certains cas pour les op\u00e9rations commerciales l\u00e9gitimes de Perfony en rapport avec la mise \u00e0 disposition du produit.<\/p>\n<p>Perfony utilisera les Informations relatives \u00e0 votre navigation aux fins de fonctionnement et d\u2019am\u00e9lioration de l\u2019application.<\/p>\n<\/div>\n<div>\n<h1>5 \u2013 Cookies et adresses IP<\/h1>\n<p>Perfony utilise les cookies pour faciliter vos interactions avec l\u2019application et pour la rendre pertinente. Lors de votre utilisation de l\u2019application web, les serveurs de Perfony envoient un cookie \u00e0 votre ordinateur. Perfony utilise deux cookies sur son application web :<\/p>\n<ul>\n<li>Un cookie de session permettant de maintenir votre session active tant que vous utilisez l\u2019application.<\/li>\n<li>Un cookie d\u2019analytics (vers le serveur analytics.perfony.com) utilis\u00e9 \u00e0 fins d\u2019analyse et d\u2019am\u00e9lioration de l\u2019application.<\/li>\n<\/ul>\n<p>Lorsque vous vous rendez sur votre extranet Perfony, nous collectons votre adresse IP pour suivre et synth\u00e9tiser les informations non personnelles. Par exemple, Perfony utilise les adresses IP pour surveiller les r\u00e9gions \u00e0 partir desquelles les utilisateurs naviguent sur l\u2019application.<\/p>\n<\/div>\n<div>\n<h1>6 \u2013 Partage des donn\u00e9es personnelles<\/h1>\n<p>Dans le strict respect des fondamentaux de l\u2019article 2 de cette d\u00e9claration (S\u00e9curit\u00e9), et sauf mention explicite dans la pr\u00e9sente D\u00e9claration de confidentialit\u00e9, Perfony ne partagera, ne vendra, ne louera ni ne commercialisera en aucun cas des informations fournies par des entreprises tierces pour leurs besoins promotionnels.<\/p>\n<p>Par ailleurs, vous pouvez toujours retirer votre accord nous autorisant \u00e0 utiliser et communiquer vos donn\u00e9es personnelles \u00e0 certaines fins. Vous pouvez \u00e9galement vous opposer \u00e0 tout moment \u00e0 cette utilisation des informations vous concernant en \u00e9crivant \u00e0 l\u2019adresse suivante : 91 rue du Faubourg Saint Honor\u00e9 75008 Paris (ou en nous envoyant un email : rgpd@perfony.com).<\/p>\n<p>Perfony se r\u00e9serve le droit d\u2019utiliser ou de divulguer les informations fournies si la loi l\u2019exige ou si la Soci\u00e9t\u00e9 estime raisonnablement que l\u2019utilisation ou la divulgation est n\u00e9cessaire pour prot\u00e9ger ses droits et\/ou se conformer \u00e0 une proc\u00e9dure judiciaire ou \u00e0 une ordonnance du tribunal.<\/p>\n<\/div>\n<div>\n<h1>7 \u2013 Acc\u00e8s aux donn\u00e9es personnelles<\/h1>\n<p>Il se peut que nos Clients mettent \u00e0 jour ou modifient les informations relatives \u00e0 leur abonnement en \u00e9ditant leur enregistrement utilisateur ou d\u2019entreprise. Pour mettre \u00e0 jour un profil utilisateur ou les informations de votre entreprise, connectez-vous \u00e0 votre extranet avec votre mot de passe et votre nom d\u2019utilisateur Perfony et cliquez sur \u00ab Pr\u00e9f\u00e9rences \u00bb. Pour consulter les donn\u00e9es personnelles vous concernant qui sont en notre possession, vous avez la possibilit\u00e9 de nous contacter :<\/p>\n<p>Courrier postal : Perfony SAS \u2013 91 rue du Faubourg Saint Honor\u00e9 \u2013 75008 Paris \u2013 France.<\/p>\n<p>Courriel : rgpd@perfony.com<\/p>\n<p>Par t\u00e9l\u00e9phone : +33 1 55 43 76 95<\/p>\n<p>Vous pouvez nous demander de supprimer toute donn\u00e9e personnelle qui vous concerne et que nous d\u00e9tenons. Toutefois, veuillez noter que nous sommes susceptibles de conserver une trace de vos donn\u00e9es \u00e0 des fins d\u2019archivage (en particulier lorsque la loi nous l\u2019impose).<\/p>\n<\/div>\n<div>\n<h1>8 \u2013 Data Protection Officer (DPO) et modification de la d\u00e9claration de confidentialit\u00e9<\/h1>\n<p>Perfony se r\u00e9serve le droit de modifier la pr\u00e9sente D\u00e9claration de confidentialit\u00e9. Perfony vous avisera des modifications mat\u00e9rielles de la pr\u00e9sente D\u00e9claration de confidentialit\u00e9 par le biais des sites Web de la Soci\u00e9t\u00e9 au moins trente (30) jours ouvrables avant que celles-ci ne prennent effet.<\/p>\n<p>Perfony a d\u00e9sign\u00e9 un Data Protection Officer (DPO) dont le r\u00f4le est de veiller \u00e0 la conformit\u00e9 de Perfony au RGPD<\/p>\n<p>Il b\u00e9n\u00e9ficie de mesures organisationnelles et de moyens lui permettant de piloter sa mission.<\/p>\n<p>Le DPO est joignable pour toutes les questions concernant la pr\u00e9sente D\u00e9claration de confidentialit\u00e9 ou les pratiques en mati\u00e8re d\u2019informations des sites Web de la Soci\u00e9t\u00e9 en cliquant rgpd@perfony.com ou en envoyant un courrier \u00e0<\/p>\n<p>Perfony SAS \u2013 91 rue du Faubourg Saint Honor\u00e9 \u2013 75008 Paris \u2013 France<\/p>\n<p>Par t\u00e9l\u00e9phone : +33 1 55 43 76 95.<\/p>\n<\/div>[\/et_pb_text][\/et_pb_column][\/et_pb_row][\/et_pb_section]\n","protected":false},"excerpt":{"rendered":"<p>1 \u2013 Introduction La pr\u00e9sente D\u00e9claration de confidentialit\u00e9 concerne les pratiques en mati\u00e8re de traitement de donn\u00e9es \u00e0 caract\u00e8re personnel et le respect des droits des personnes concern\u00e9es dans la cadre de l\u2019utilisation des extranets iPerfony de type [xxx].iperfony.com, ainsi que tous les services, applications ou plateformes fournis par la soci\u00e9t\u00e9 Perfony.` Les textes de [&hellip;]<\/p>\n","protected":false},"author":1,"featured_media":0,"parent":0,"menu_order":0,"comment_status":"closed","ping_status":"closed","template":"","meta":{"_et_pb_use_builder":"on","_et_pb_old_content":"","_et_gb_content_width":"","footnotes":""},"class_list":["post-49495","page","type-page","status-publish","hentry"],"_links":{"self":[{"href":"https:\/\/perfony-training.com\/nl\/wp-json\/wp\/v2\/pages\/49495","targetHints":{"allow":["GET"]}}],"collection":[{"href":"https:\/\/perfony-training.com\/nl\/wp-json\/wp\/v2\/pages"}],"about":[{"href":"https:\/\/perfony-training.com\/nl\/wp-json\/wp\/v2\/types\/page"}],"author":[{"embeddable":true,"href":"https:\/\/perfony-training.com\/nl\/wp-json\/wp\/v2\/users\/1"}],"replies":[{"embeddable":true,"href":"https:\/\/perfony-training.com\/nl\/wp-json\/wp\/v2\/comments?post=49495"}],"version-history":[{"count":1,"href":"https:\/\/perfony-training.com\/nl\/wp-json\/wp\/v2\/pages\/49495\/revisions"}],"predecessor-version":[{"id":49496,"href":"https:\/\/perfony-training.com\/nl\/wp-json\/wp\/v2\/pages\/49495\/revisions\/49496"}],"wp:attachment":[{"href":"https:\/\/perfony-training.com\/nl\/wp-json\/wp\/v2\/media?parent=49495"}],"curies":[{"name":"wp","href":"https:\/\/api.w.org\/{rel}","templated":true}]}}