{"id":49460,"date":"2022-07-25T11:33:52","date_gmt":"2022-07-25T09:33:52","guid":{"rendered":"https:\/\/perfony-training.com\/informacao-legal\/"},"modified":"2022-09-30T14:58:51","modified_gmt":"2022-09-30T12:58:51","slug":"informacao-legal","status":"publish","type":"page","link":"https:\/\/perfony-training.com\/pt-br\/informacao-legal\/","title":{"rendered":"Informa\u00e7\u00e3o legal"},"content":{"rendered":"\n[et_pb_section fb_built=&#8221;1&#8243; theme_builder_area=&#8221;post_content&#8221; _builder_version=&#8221;4.17.6&#8243; _module_preset=&#8221;default&#8221;][et_pb_row _builder_version=&#8221;4.17.6&#8243; _module_preset=&#8221;default&#8221; theme_builder_area=&#8221;post_content&#8221;][et_pb_column _builder_version=&#8221;4.17.6&#8243; _module_preset=&#8221;default&#8221; type=&#8221;4_4&#8243; theme_builder_area=&#8221;post_content&#8221;][et_pb_text _builder_version=&#8221;4.17.6&#8243; _module_preset=&#8221;default&#8221; theme_builder_area=&#8221;post_content&#8221; hover_enabled=&#8221;0&#8243; sticky_enabled=&#8221;0&#8243;]<h1>Informa\u00e7\u00e3o legal<\/h1>\n<hr>\n<h2>1 &#8211; Apresenta\u00e7\u00e3o do site<\/h2>\n<p>Nos termos do artigo 6\u00ba da Lei n\u00ba 2004-575 de 21 de Junho de 2004 sobre a confian\u00e7a na economia digital, os utilizadores do s\u00edtio www.perfony-training.com s\u00e3o informados da identidade das v\u00e1rias partes envolvidas na sua cria\u00e7\u00e3o e controlo:<\/p>\n<p><strong>Propriet\u00e1rio<\/strong>: Perfony SAS, uma sociedade an\u00f3nima simplificada registada no Registo Comercial de Paris sob o n\u00famero 533 868 873 e domiciliada na 91 rue du Faubourg Saint Honor\u00e9 em Paris 8\u00e8me<\/p>\n<ul>\n<li><strong>Criador<\/strong>: Perfony SAS<\/li>\n<li>Respons\u00e1vel <strong>pela publica\u00e7\u00e3o<\/strong>: Sr. Lionel PASCO<\/li>\n<li><strong>Anfitri\u00e3o<\/strong>: Infomaniak, Rue Eug\u00e8ne-Marziano 25, 1227 Genebra, Su\u00ed\u00e7a<\/li>\n<\/ul>\n<p>Cr\u00e9ditos:<\/p>\n<ul>\n<li>Divi Template<\/li>\n<li>os avisos legais foram gerados e oferecidos pelo Subdelirium<\/li>\n<li>FlatIcon, Icon8<\/li>\n<li>fotos: Fotolia, Pexels e Pixabay<\/li>\n<li>imagens: P-PX, Freepik<\/li>\n<\/ul>\n<h2>2 &#8211; Condi\u00e7\u00f5es gerais de utiliza\u00e7\u00e3o do site e dos servi\u00e7os oferecidos<\/h2>\n<p>A utiliza\u00e7\u00e3o do website www.perfony-training.com implica a aceita\u00e7\u00e3o total das condi\u00e7\u00f5es gerais de utiliza\u00e7\u00e3o descritas abaixo. Estas condi\u00e7\u00f5es de utiliza\u00e7\u00e3o podem ser modificadas ou complementadas em qualquer altura, pelo que os utilizadores do s\u00edtio www.perfony-training.com s\u00e3o convidados a consult\u00e1-las regularmente.<\/p>\n<p>Este site \u00e9 normalmente acess\u00edvel aos utilizadores em qualquer altura. No entanto, a Perfony SAS pode decidir interromper o website para fins de manuten\u00e7\u00e3o t\u00e9cnica. Nesse caso, a Perfony SAS esfor\u00e7ar-se-\u00e1 por informar previamente os utilizadores das datas e horas da interven\u00e7\u00e3o.<\/p>\n<p>O s\u00edtio www.perfony-training.com \u00e9 actualizado regularmente pela PerfonySAS. Da mesma forma, os avisos legais podem ser modificados em qualquer altura: s\u00e3o no entanto vinculativos para o utilizador que \u00e9 convidado a consult\u00e1-los o mais frequentemente poss\u00edvel para tomar nota deles.<\/p>\n<h2>3 &#8211; Descri\u00e7\u00e3o dos servi\u00e7os prestados<\/h2>\n<p>O objectivo do s\u00edtio www.perfony-training.com \u00e9 fornecer informa\u00e7\u00f5es sobre todas as actividades da SAS Perfony.<\/p>\n<p>Perfony SAS esfor\u00e7a-se por fornecer a informa\u00e7\u00e3o mais precisa poss\u00edvel no website www.perfony-training.com. No entanto, n\u00e3o pode ser responsabilizada por omiss\u00f5es, imprecis\u00f5es e defici\u00eancias na actualiza\u00e7\u00e3o, quer estas sejam culpa sua ou de parceiros terceiros que lhe forne\u00e7am esta informa\u00e7\u00e3o.<\/p>\n<p>Toda a informa\u00e7\u00e3o no s\u00edtio www.perfony-training.com \u00e9 dada a t\u00edtulo indicativo e \u00e9 prov\u00e1vel que venha a mudar. Al\u00e9m disso, a informa\u00e7\u00e3o no s\u00edtio www.perfony-training.com n\u00e3o \u00e9 exaustiva. S\u00e3o dados sujeitos a altera\u00e7\u00f5es desde que foram colocados em linha.<\/p>\n<h2>4 &#8211; Limita\u00e7\u00f5es contratuais sobre dados t\u00e9cnicos<\/h2>\n<p>O site utiliza JavaScript, HTML5, CSS3 e PHP.<\/p>\n<p>O s\u00edtio web n\u00e3o pode ser responsabilizado por quaisquer danos materiais relacionados com a utiliza\u00e7\u00e3o do s\u00edtio web. Al\u00e9m disso, o utilizador do site compromete-se a aceder ao site utilizando equipamento recente e livre de v\u00edrus com um navegador actualizado de \u00faltima gera\u00e7\u00e3o.<\/p>\n<h2>5 &#8211; Propriedade intelectual e contrafac\u00e7\u00e3o<\/h2>\n<p>Perfony SAS \u00e9 o propriet\u00e1rio dos direitos de propriedade intelectual ou det\u00e9m os direitos de utiliza\u00e7\u00e3o sobre todos os elementos acess\u00edveis no site, em particular os textos, imagens, gr\u00e1ficos, log\u00f3tipos, \u00edcones, sons e software.<\/p>\n<p>\u00c9 proibida qualquer reprodu\u00e7\u00e3o, representa\u00e7\u00e3o, modifica\u00e7\u00e3o, publica\u00e7\u00e3o, adapta\u00e7\u00e3o de todos ou parte dos elementos do s\u00edtio, qualquer que seja o meio ou processo utilizado, excepto com a autoriza\u00e7\u00e3o pr\u00e9via por escrito da Perfony SAS.<\/p>\n<p>Qualquer utiliza\u00e7\u00e3o n\u00e3o autorizada do site ou de qualquer dos elementos nele contidos ser\u00e1 considerada como constituindo uma infrac\u00e7\u00e3o e ser\u00e1 processada de acordo com as disposi\u00e7\u00f5es dos artigos L.335-2 e seguintes do C\u00f3digo da Propriedade Intelectual.<\/p>\n<h2>6 &#8211; Limita\u00e7\u00f5es de responsabilidade<\/h2>\n<p>A Perfony SAS n\u00e3o pode ser responsabilizada por danos directos e indirectos causados ao equipamento do utilizador ao aceder ao website www.perfony-training.com, e resultantes quer da utiliza\u00e7\u00e3o de equipamento que n\u00e3o cumpra as especifica\u00e7\u00f5es indicadas no ponto 4, quer do aparecimento de um bug ou incompatibilidade.<\/p>\n<p>A Perfony SAS n\u00e3o pode ser considerada respons\u00e1vel por qualquer dano indirecto (como perda de mercado ou perda de oportunidade) resultante da utiliza\u00e7\u00e3o do website www.perfony-training.com.<\/p>\n<p>As \u00e1reas interactivas (por exemplo, possibilidade de fazer perguntas na \u00e1rea de contacto) est\u00e3o dispon\u00edveis para os utilizadores. A Perfony SAS reserva-se o direito de eliminar, sem aviso pr\u00e9vio, qualquer conte\u00fado publicado neste espa\u00e7o que viole a legisla\u00e7\u00e3o aplic\u00e1vel em Fran\u00e7a, em particular as disposi\u00e7\u00f5es relativas \u00e0 protec\u00e7\u00e3o de dados. Quando aplic\u00e1vel, a Perfony SAS reserva-se tamb\u00e9m o direito de responsabilizar civil e\/ou criminalmente o utilizador, particularmente no caso de mensagens de natureza racista, insultuosa, difamat\u00f3ria ou pornogr\u00e1fica, qualquer que seja o meio utilizado (texto, fotografias, etc.).<\/p>\n<h2>7 &#8211; Gest\u00e3o de dados pessoais<\/h2>\n<p>Em Fran\u00e7a, os dados pessoais s\u00e3o protegidos pela lei n\u00ba 78-87 de 6 de Janeiro de 1978, lei n\u00ba 2004-801 de 6 de Agosto de 2004, artigo L. 226-13 do C\u00f3digo Penal e pela Directiva Europeia de 24 de Outubro de 1995.<\/p>\n<p>Ao utilizar o s\u00edtio www.perfony-training.com, podem ser recolhidas as seguintes informa\u00e7\u00f5es: o URL das liga\u00e7\u00f5es atrav\u00e9s das quais o utilizador acedeu ao s\u00edtio www.perfony-training.com, o fornecedor de acesso do utilizador, o endere\u00e7o do protocolo Internet (IP) do utilizador.<\/p>\n<p>Em qualquer caso, a Perfony SAS apenas recolhe informa\u00e7\u00f5es pessoais sobre o utilizador para efeitos de determinados servi\u00e7os oferecidos pelo s\u00edtio www.perfony-training.com. O utilizador fornece esta informa\u00e7\u00e3o com pleno conhecimento dos factos, em particular quando ele pr\u00f3prio a introduz. O utilizador do s\u00edtio www.perfony-training.com \u00e9 ent\u00e3o informado se \u00e9 ou n\u00e3o obrigado a fornecer esta informa\u00e7\u00e3o.<\/p>\n<p>Em conformidade com o disposto nos artigos 38 e seguintes da lei 78-17 de 6 de Janeiro de 1978 relativa ao tratamento de dados, ficheiros e liberdades, qualquer utilizador disp\u00f5e de um direito de acesso, rectifica\u00e7\u00e3o e oposi\u00e7\u00e3o aos dados pessoais que lhe dizem respeito, mediante pedido escrito e assinado, acompanhado de uma c\u00f3pia do bilhete de identidade com assinatura do titular do documento, especificando o endere\u00e7o para o qual a resposta deve ser enviada.<\/p>\n<p>Nenhuma informa\u00e7\u00e3o pessoal do utilizador do s\u00edtio www.perfony-training.com \u00e9 publicada sem o conhecimento do utilizador, trocada, transferida, cedida ou vendida em qualquer meio a terceiros. Apenas a assun\u00e7\u00e3o da compra de Perfony SAS e dos seus direitos permitiria a transmiss\u00e3o das referidas informa\u00e7\u00f5es ao eventual comprador que, por sua vez, estaria vinculado \u00e0s mesmas obriga\u00e7\u00f5es de conserva\u00e7\u00e3o e modifica\u00e7\u00e3o dos dados no que respeita aos utilizadores do s\u00edtio www.perfony-training.com.<\/p>\n<p>O s\u00edtio acima mencionado \u00e9 declarado \u00e0 CNIL com o n\u00famero 1574801.<\/p>\n<p>As bases de dados s\u00e3o protegidas pelas disposi\u00e7\u00f5es da lei de 1 de Julho de 1998 que transp\u00f5e a Directiva 96\/9 de 11 de Mar\u00e7o de 1996 relativa \u00e0 protec\u00e7\u00e3o jur\u00eddica das bases de dados.<\/p>\n<h2>8 &#8211; Hyperlinks e cookies<\/h2>\n<p>O site www.perfony-training.com cont\u00e9m uma s\u00e9rie de hiperliga\u00e7\u00f5es para outros sites, criados com a autoriza\u00e7\u00e3o da Perfony SAS. No entanto, Perfony SAS n\u00e3o tem a possibilidade de verificar o conte\u00fado dos s\u00edtios assim visitados, e consequentemente n\u00e3o assumir\u00e1 qualquer responsabilidade por este facto.<\/p>\n<p>A navega\u00e7\u00e3o no website www.perfony-training.com pode fazer com que os cookies sejam instalados no computador do utilizador. Um cookie \u00e9 um pequeno ficheiro, que n\u00e3o permite a identifica\u00e7\u00e3o do utilizador, mas que regista informa\u00e7\u00f5es relacionadas com a navega\u00e7\u00e3o de um computador num s\u00edtio. Os dados assim obtidos destinam-se a facilitar a navega\u00e7\u00e3o subsequente no site, e tamb\u00e9m a permitir v\u00e1rias medidas de frequ\u00eancia.<\/p>\n<p>A recusa de instalar um cookie pode tornar imposs\u00edvel o acesso a determinados servi\u00e7os. No entanto, o utilizador pode configurar o seu computador da seguinte forma para recusar a instala\u00e7\u00e3o de cookies:<\/p>\n<h3>No Internet Explorer :<\/h3>\n<p>Aba de ferramentas (pictograma em forma de engrenagem no canto superior direito) \/ op\u00e7\u00f5es de internet. Clique em Privacidade e escolha Bloquear todos os cookies. Confirmar com Ok.<\/p>\n<p>No Firefox: no topo da janela do navegador, clique no bot\u00e3o Firefox, depois v\u00e1 para o separador Op\u00e7\u00f5es. Clique no separador Privacidade. Definir Regras de Reten\u00e7\u00e3o para: utilizar configura\u00e7\u00f5es personalizadas para hist\u00f3rico. Finalmente, desmarc\u00e1-lo para desactivar os cookies.<\/p>\n<h3>No Safari :<\/h3>\n<p>Clique no \u00edcone do menu (simbolizado por uma engrenagem) na parte superior direita do navegador. Seleccionar Defini\u00e7\u00f5es. Clique em Mostrar configura\u00e7\u00f5es avan\u00e7adas. Na sec\u00e7\u00e3o &#8220;Privacidade&#8221;, clicar em Defini\u00e7\u00f5es de conte\u00fado. Na sec\u00e7\u00e3o &#8220;Cookies&#8221;, pode bloquear os cookies.<br><span>Em Cr\u00f3mio :  <\/span><\/p>\n<p>Clique no \u00edcone do menu (simbolizado por tr\u00eas linhas horizontais) na parte superior direita do navegador. Seleccionar Defini\u00e7\u00f5es. Clique em Mostrar configura\u00e7\u00f5es avan\u00e7adas. Na sec\u00e7\u00e3o &#8220;Privacidade&#8221;, clicar em prefer\u00eancias. No separador &#8220;Privacidade&#8221;, pode bloquear os cookies.<\/p>\n<h2>9 &#8211; Lei aplic\u00e1vel e jurisdi\u00e7\u00e3o<\/h2>\n<p>Qualquer disputa relacionada com a utiliza\u00e7\u00e3o do s\u00edtio www.perfony-training.com est\u00e1 sujeita \u00e0 lei francesa. Os tribunais competentes em Paris t\u00eam jurisdi\u00e7\u00e3o exclusiva.<\/p>\n<h2>10 &#8211; Os textos principais<\/h2>\n<p>Lei n\u00ba 78-87 de 6 de Janeiro de 1978, nomeadamente alterada pela lei n\u00ba 2004-801 de 6 de Agosto de 2004 sobre tecnologias da informa\u00e7\u00e3o, ficheiros e liberdades.<\/p>\n<p>Lei n.\u00ba 2004-575 de 21 de Junho de 2004 para a confian\u00e7a na economia digital.<\/p>\n<h2>11 &#8211; L\u00e9xico<\/h2>\n<p>Utilizador: Utilizador da Internet que se liga e utiliza o s\u00edtio acima mencionado.<\/p>\n<p>Informa\u00e7\u00f5es pessoais: &#8220;informa\u00e7\u00f5es que permitem, sob qualquer forma, directa ou indirectamente, a identifica\u00e7\u00e3o das pessoas singulares \u00e0s quais se aplica&#8221; (artigo 4 da lei n\u00b0 78-17 de 6 de Janeiro de 1978).<\/p>[\/et_pb_text][\/et_pb_column][\/et_pb_row][\/et_pb_section]\n","protected":false},"excerpt":{"rendered":"<p>Informa\u00e7\u00e3o legal 1 &#8211; Apresenta\u00e7\u00e3o do site Nos termos do artigo 6\u00ba da Lei n\u00ba 2004-575 de 21 de Junho de 2004 sobre a confian\u00e7a na economia digital, os utilizadores do s\u00edtio www.perfony-training.com s\u00e3o informados da identidade das v\u00e1rias partes envolvidas na sua cria\u00e7\u00e3o e controlo: Propriet\u00e1rio: Perfony SAS, uma sociedade an\u00f3nima simplificada registada no [&hellip;]<\/p>\n","protected":false},"author":1,"featured_media":0,"parent":0,"menu_order":0,"comment_status":"closed","ping_status":"closed","template":"","meta":{"_et_pb_use_builder":"on","_et_pb_old_content":"","_et_gb_content_width":"","footnotes":""},"class_list":["post-49460","page","type-page","status-publish","hentry"],"_links":{"self":[{"href":"https:\/\/perfony-training.com\/pt-br\/wp-json\/wp\/v2\/pages\/49460","targetHints":{"allow":["GET"]}}],"collection":[{"href":"https:\/\/perfony-training.com\/pt-br\/wp-json\/wp\/v2\/pages"}],"about":[{"href":"https:\/\/perfony-training.com\/pt-br\/wp-json\/wp\/v2\/types\/page"}],"author":[{"embeddable":true,"href":"https:\/\/perfony-training.com\/pt-br\/wp-json\/wp\/v2\/users\/1"}],"replies":[{"embeddable":true,"href":"https:\/\/perfony-training.com\/pt-br\/wp-json\/wp\/v2\/comments?post=49460"}],"version-history":[{"count":1,"href":"https:\/\/perfony-training.com\/pt-br\/wp-json\/wp\/v2\/pages\/49460\/revisions"}],"predecessor-version":[{"id":49461,"href":"https:\/\/perfony-training.com\/pt-br\/wp-json\/wp\/v2\/pages\/49460\/revisions\/49461"}],"wp:attachment":[{"href":"https:\/\/perfony-training.com\/pt-br\/wp-json\/wp\/v2\/media?parent=49460"}],"curies":[{"name":"wp","href":"https:\/\/api.w.org\/{rel}","templated":true}]}}